{"id":4041,"date":"2021-01-07T12:16:40","date_gmt":"2021-01-07T12:16:40","guid":{"rendered":"https:\/\/shiftler.cymolthemes.com\/data\/?page_id=4041"},"modified":"2021-04-03T13:05:20","modified_gmt":"2021-04-03T13:05:20","slug":"home-2","status":"publish","type":"page","link":"https:\/\/www.endustriyel.egeatilgan.com\/tr_tr\/","title":{"rendered":"Anasayfa"},"content":{"rendered":"<div data-vc-full-width=\"true\" data-vc-full-width-init=\"false\" class=\"cmt-row wpb_row vc_row-fluid vc_custom_1610020642622 cmt-sboxresponsive-custom-66533004 break-991-colum cmt-zindex-0 cmt-bgcolor-white cmt-bgimage-position-center_center\">\n\n\t\t\n\t <div class=\"vc_row container\"> \t\n\t\t\n\n<div class=\"wpb_column cmt-column vc_column_container vc_col-sm-5 cmt-zindex-0\">\n\t<div class=\"vc_column-inner vc_custom_1609839735957 cmt-sboxresponsive-custom-69747056\">\n\t\t\t\t<div class=\"wpb_wrapper\">\n\t\t\t\n<div class=\"cmt-row-inner vc_row wpb_row vc_inner vc_row-fluid vc_custom_1602238915387 cmt-sboxresponsive-custom-97078331 cmt-zindex-1\">\n\t\n<div class=\"wpb_column cmt-column-inner vc_column_container vc_col-sm-12 cmt-zindex-0\">\n\t<div class=\"vc_column-inner  \">\n\t\t \n\t\t<div class=\"wpb_wrapper\">\n\t\t\t\n\t<div  class=\"wpb_single_image wpb_content_element vc_align_left  vc_custom_1617455119881\">\n\t\t\n\t\t<figure class=\"wpb_wrapper vc_figure\">\n\t\t\t<div class=\"vc_single_image-wrapper   vc_box_border_grey\"><img loading=\"lazy\" decoding=\"async\" class=\"vc_single_image-img \" src=\"https:\/\/www.endustriyel.egeatilgan.com\/wp-content\/uploads\/2021\/04\/multicultural-workers-with-digital-tablet-and-clip-ELZGHES-scaled-700x700.jpg\" width=\"700\" height=\"700\" alt=\"multicultural workers with digital tablet and clipboard standing on scissor lift near shelves with\" title=\"multicultural workers with digital tablet and clipboard standing on scissor lift near shelves with\" \/><\/div>\n\t\t<\/figure>\n\t<\/div>\n\t\t<\/div>\n\t<\/div>\n<\/div>\n\n<\/div>\n\n\n<div class=\"cmt-row-inner vc_row wpb_row vc_inner vc_row-fluid tm-bgcolor-skincolor cmt-column-inline vc_custom_1602239182851 cmt-zindex-2\">\n\t\n<div class=\"wpb_column cmt-column-inner vc_column_container vc_col-sm-6 cmt-zindex-2\">\n\t<div class=\"vc_column-inner vc_custom_1602239195922 cmt-col-bgcolor-skincolor cmt-col-bgcolor-yes \">\n\t\t<div class=\"cmt-col-wrapper-bg-layer cmt-bg-layer\"><div class=\"cmt-bg-layer-inner\"><\/div><\/div> \n\t\t<div class=\"wpb_wrapper\">\n\t\t\t\n\t<div  class=\"wpb_single_image wpb_content_element vc_align_center\">\n\t\t\n\t\t<figure class=\"wpb_wrapper vc_figure\">\n\t\t\t<div class=\"vc_single_image-wrapper   vc_box_border_grey\"><img decoding=\"async\" class=\"vc_single_image-img\"  src=\"https:\/\/shiftler.cymolthemes.com\/wp-content\/uploads\/2021\/01\/courier-icon.png\" \/><\/div>\n\t\t<\/figure>\n\t<\/div>\n<p style=\"text-align:center;font-size:16px;line-height:26px;\" class=\"cmt-custom-heading vc_custom_1616068654896\" >Birikim ve Deneyim<br \/>\nKaliteli Hizmet<\/p>\n\t\t<\/div>\n\t<\/div>\n<\/div>\n\n\n<div class=\"wpb_column cmt-column-inner vc_column_container vc_col-sm-6 cmt-zindex-0\">\n\t<div class=\"vc_column-inner  \">\n\t\t \n\t\t<div class=\"wpb_wrapper\">\n\t\t\t\t\t<\/div>\n\t<\/div>\n<\/div>\n\n<\/div>\n\n\t\t<\/div>\n\t<\/div>\n<\/div>\n\n\n\n\n\n<div class=\"wpb_column cmt-column vc_column_container vc_col-sm-7 cmt-zindex-0 margin-15px-991-colum\">\n\t<div class=\"vc_column-inner vc_custom_1609909274706 cmt-sboxresponsive-custom-27824794\">\n\t\t\t\t<div class=\"wpb_wrapper\">\n\t\t\t<div class=\"cmt-element-heading-wrapper cmt-sboxheading-inner cmt-sboxelement-align-left cmt-seperator-none cmt-sboxheading-style-vertical \"><section class=\"cmt-sboxvc_cta3-container\"><div class=\"cmt-vc_general cmt-sboxvc_cta3 cmt-sboxcta3-only cmt-sboxvc_cta3-style-classic cmt-sboxvc_cta3-shape-rounded cmt-sboxvc_cta3-align-left cmt-sboxvc_cta3-color-transparent cmt-sboxvc_cta3-icon-size-md cmt-sboxvc_cta3-actions-no cmt-sboxcta3-without-desc\"><div class=\"cmt-vc_cta3_content-container\"><div class=\"cmt-vc_cta3-content\"><header class=\"cmt-vc_cta3-content-header cmt-section-wrapper\"><div class=\"cmt-sboxvc_cta3-headers cmt-section-wrapper-cell\"><h4 style=\"color:#e24412;\" class=\"cmt-custom-heading \" >Uluslararas\u0131 alanda memnun kullan\u0131c\u0131 kitlesi<\/h4>\n<h2 class=\"cmt-custom-heading \" >G\u00fcvenilir ve Kaliteli Hizmet<\/h2>\n<\/div><div class=\"heading-seperator\"><span><\/span><\/div><\/header><\/div><\/div><\/div><\/section><\/div> <!-- .cmt-element-heading-wrapper container --> \n<div class=\"cmt-row-inner vc_row wpb_row vc_inner vc_row-fluid vc_custom_1602589011369 cmt-sboxresponsive-custom-54328239 cmt-zindex-0\">\n\t\n<div class=\"cmt-listborder wpb_column cmt-column-inner vc_column_container vc_col-sm-5 cmt-zindex-0\">\n\t<div class=\"vc_column-inner vc_custom_1610106231889 \">\n\t\t \n\t\t<div class=\"wpb_wrapper\">\n\t\t\t<ul class=\"cmt-list cmt-list-style-icon cmt-list-icon-color-skincolor cmt-sbox cmt-sboxicon-skincolor cmt-list-textsize- cmt-list-icon-library-fontawesome\"><li><i class=\"cmt-skincolor fa fa-chevron-circle-down\"><\/i>  <span class=\"cmt-list-li-content\">M\u00fchendislik hesaplar\u0131 ile tasarlanm\u0131\u015f makineler<\/span><\/li><li><i class=\"cmt-skincolor fa fa-chevron-circle-down\"><\/i>  <span class=\"cmt-list-li-content\">Kaliteli kontrol sistemi<\/span><\/li><li><i class=\"cmt-skincolor fa fa-chevron-circle-down\"><\/i>  <span class=\"cmt-list-li-content\">%100 g\u00fcvenilir garanti<\/span><\/li><li><i class=\"cmt-skincolor fa fa-chevron-circle-down\"><\/i>  <span class=\"cmt-list-li-content\">Profesyonel kadro<\/span><\/li><li><i class=\"cmt-skincolor fa fa-chevron-circle-down\"><\/i>  <span class=\"cmt-list-li-content\">Do\u011fru test s\u00fcre\u00e7leri<\/span><\/li><\/ul>\t\t<\/div>\n\t<\/div>\n<\/div>\n\n\n<div class=\"wpb_column cmt-column-inner vc_column_container vc_col-sm-7 cmt-zindex-0\">\n\t<div class=\"vc_column-inner vc_custom_1602581689695 cmt-sboxresponsive-custom-47254499\">\n\t\t \n\t\t<div class=\"wpb_wrapper\">\n\t\t\t\n\t<div class=\"wpb_text_column wpb_content_element \" >\n\t\t<div class=\"wpb_wrapper\">\n\t\t\t<p>EA End\u00fcstriyel makine olarak 2014\u2019te hizmet vermeye ba\u015flad\u0131\u011f\u0131m\u0131z g\u00fcnden bu yana edindi\u011fimiz birikim ile hem \u00fclkemizde hem de uluslararas\u0131 arenada kaliteli hizmet vermeye devam ediyoruz.<\/p>\n\n\t\t<\/div>\n\t<\/div>\n\r\n\t\t<div class=\"cmt-vc_btn3-container cmt-vc_btn3-inline\"><a class=\"cmt-vc_general cmt-vc_btn3 cmt-vc_btn3-size-md cmt-vc_btn3-shape-square cmt-vc_btn3-style-flat cmt-vc_btn3-weight-no cmt-vc_btn3-color-skincolor\" href=\"https:\/\/www.endustriyel.egeatilgan.com\/hakkimizda\/\" title=\"About Us\">Daha Fazlas\u0131<\/a><\/div>\t\t<\/div>\n\t<\/div>\n<\/div>\n\n<\/div>\n\n\t\t<\/div>\n\t<\/div>\n<\/div>\n\n\n\n\t\t\n\t <\/div> <\/div>\n\n\n<div class=\"vc_row-full-width vc_clearfix\"><\/div>\n\n\n\n\n\n\n\n\n<div data-vc-full-width=\"true\" data-vc-full-width-init=\"false\" class=\"cmt-row wpb_row vc_row-fluid vc_custom_1617032116851 cmt-sboxresponsive-custom-42046825 vc_column-gap-30 break-991-colum cmt-zindex-0 cmt-bgcolor-grey cmt-bgimage-position-center_center\">\n\n\t\t\n\t <div class=\"vc_row container vc_column-gap-30\"> \t\n\t\t\n\n<div class=\"wpb_column cmt-column vc_column_container vc_col-sm-12 cmt-zindex-0\">\n\t<div class=\"vc_column-inner  \">\n\t\t\t\t<div class=\"wpb_wrapper\">\n\t\t\t<div class=\"cmt-element-heading-wrapper cmt-sboxheading-inner cmt-sboxelement-align-center cmt-seperator-none cmt-sboxheading-style-vertical \"><section class=\"cmt-sboxvc_cta3-container\"><div class=\"cmt-vc_general cmt-sboxvc_cta3 cmt-sboxcta3-only cmt-sboxvc_cta3-style-classic cmt-sboxvc_cta3-shape-rounded cmt-sboxvc_cta3-align-center cmt-sboxvc_cta3-color-transparent cmt-sboxvc_cta3-icon-size-md cmt-sboxvc_cta3-actions-no cmt-sboxcta3-without-desc\"><div class=\"cmt-vc_cta3_content-container\"><div class=\"cmt-vc_cta3-content\"><header class=\"cmt-vc_cta3-content-header cmt-section-wrapper\"><div class=\"cmt-sboxvc_cta3-headers cmt-section-wrapper-cell\"><h4 style=\"color:#e24412;\" class=\"cmt-custom-heading \" >Ger\u00e7ek Kalitede, Ger\u00e7ek \u00c7\u00f6z\u00fcmler!<\/h4>\n<h2 class=\"cmt-custom-heading \" >Uluslararas\u0131 Alanda En Kaliteli Hizmet<\/h2>\n<\/div><div class=\"heading-seperator\"><span><\/span><\/div><\/header><\/div><\/div><\/div><\/section><\/div> <!-- .cmt-element-heading-wrapper container --> \t\t<\/div>\n\t<\/div>\n<\/div>\n\n\n\n\n\n<div class=\"wpb_column cmt-column vc_column_container vc_col-sm-4 cmt-zindex-0\">\n\t<div class=\"vc_column-inner  \">\n\t\t\t\t<div class=\"wpb_wrapper\">\n\t\t\t<div class=\"cmt-sbox cmt-sbox-iconalign-left-spacing cmt-sbox-bgcolor-transparent cmt-bgcolor-transparent cmt-sbox-textcolor- cmt-textcolor- cmt-sbox-isize-md cmt-sbox-isize-md cmt-sbox-istyle-none  cmt-sbox-heading-only\"><section class=\"cmt-sboxvc_cta3-container\"><div class=\"cmt-vc_general cmt-sboxvc_cta3 cmt-sboxvc_cta3-align-left cmt-sboxvc_cta3-icon-size-md cmt-sboxvc_cta3-icons-left cmt-sboxvc_cta3-actions-no\"><div class=\"cmt-sboxvc_cta3-icons cmt-section-wrapper-cell\"><div class=\"cmt-vc_icon_element cmt-vc_icon_element-outer cmt-vc_icon_element-align-left \"><div class=\"cmt-vc_icon_element-inner  cmt-vc_icon_element-color-skincolor cmt-vc_icon_element-size-md cmt-vc_icon_element-style-none cmt-vc_icon_element-background-color-grey\" ><span class=\"cmt-vc_icon_element-icon themifyicon ti-check-box\" ><\/span><\/div><\/div><\/div><div class=\"cmt-vc_cta3_content-container\"><div class=\"cmt-vc_cta3-content\"><div class=\"cmt-vc_cta3-content-header cmt-section-wrapper\"><div class=\"cmt-sboxvc_cta3-headers cmt-section-wrapper-cell\"><h2 style=\"line-height:3;\" class=\"cmt-custom-heading \" >\u0130htiya\u00e7lar\u0131n Analizi<\/h2>\n<\/div><\/div><\/div><div class=\"cmt-sboxcta3-desc-btn-wrapper\"><div class=\"cmt-sboxcta3-description\"><div class=\"cmt-sboxcta3-content-wrapper\"><p>Sekt\u00f6r\u00fcn de\u011fi\u015fen ve geli\u015fen ko\u015fullar\u0131n\u0131 her daim g\u00f6z \u00f6n\u00fcnde bulunduruyoruz ve m\u00fc\u015fterilerimizin buna y\u00f6nelik ihtiya\u00e7lar\u0131n\u0131 iyi analiz ediyoruz.<\/p><\/div><\/div><\/div><\/div><\/div><\/section><\/div>\t\t<\/div>\n\t<\/div>\n<\/div>\n\n\n\n\n\n<div class=\"wpb_column cmt-column vc_column_container vc_col-sm-4 cmt-zindex-0\">\n\t<div class=\"vc_column-inner  \">\n\t\t\t\t<div class=\"wpb_wrapper\">\n\t\t\t<div class=\"cmt-sbox cmt-sbox-iconalign-left-spacing cmt-sbox-bgcolor-transparent cmt-bgcolor-transparent cmt-sbox-textcolor- cmt-textcolor- cmt-sbox-isize-md cmt-sbox-isize-md cmt-sbox-istyle-none  cmt-sbox-heading-only\"><section class=\"cmt-sboxvc_cta3-container\"><div class=\"cmt-vc_general cmt-sboxvc_cta3 cmt-sboxvc_cta3-align-left cmt-sboxvc_cta3-icon-size-md cmt-sboxvc_cta3-icons-left cmt-sboxvc_cta3-actions-no\"><div class=\"cmt-sboxvc_cta3-icons cmt-section-wrapper-cell\"><div class=\"cmt-vc_icon_element cmt-vc_icon_element-outer cmt-vc_icon_element-align-left \"><div class=\"cmt-vc_icon_element-inner  cmt-vc_icon_element-color-skincolor cmt-vc_icon_element-size-md cmt-vc_icon_element-style-none cmt-vc_icon_element-background-color-grey\" ><span class=\"cmt-vc_icon_element-icon themifyicon ti-check-box\" ><\/span><\/div><\/div><\/div><div class=\"cmt-vc_cta3_content-container\"><div class=\"cmt-vc_cta3-content\"><div class=\"cmt-vc_cta3-content-header cmt-section-wrapper\"><div class=\"cmt-sboxvc_cta3-headers cmt-section-wrapper-cell\"><h2 style=\"line-height:2;\" class=\"cmt-custom-heading \" >Huzurlu \u00c7al\u0131\u015fma Ortam\u0131<\/h2>\n<\/div><\/div><\/div><div class=\"cmt-sboxcta3-desc-btn-wrapper\"><div class=\"cmt-sboxcta3-description\"><div class=\"cmt-sboxcta3-content-wrapper\"><p>\u00c7al\u0131\u015fanlar\u0131m\u0131z\u0131n motivasyonlar\u0131n\u0131 en \u00fcst d\u00fczeyde tutarak huzurlu ve birlikteli\u011fin sa\u011flam oldu\u011fu bir \u00e7al\u0131\u015fma ortam\u0131 olu\u015fturuyoruz.<\/p><\/div><\/div><\/div><\/div><\/div><\/section><\/div>\t\t<\/div>\n\t<\/div>\n<\/div>\n\n\n\n\n\n<div class=\"wpb_column cmt-column vc_column_container vc_col-sm-4 cmt-zindex-0\">\n\t<div class=\"vc_column-inner  \">\n\t\t\t\t<div class=\"wpb_wrapper\">\n\t\t\t<div class=\"cmt-sbox cmt-sbox-iconalign-left-spacing cmt-sbox-bgcolor-transparent cmt-bgcolor-transparent cmt-sbox-textcolor- cmt-textcolor- cmt-sbox-isize-md cmt-sbox-isize-md cmt-sbox-istyle-none  cmt-sbox-heading-only\"><section class=\"cmt-sboxvc_cta3-container\"><div class=\"cmt-vc_general cmt-sboxvc_cta3 cmt-sboxvc_cta3-align-left cmt-sboxvc_cta3-icon-size-md cmt-sboxvc_cta3-icons-left cmt-sboxvc_cta3-actions-no\"><div class=\"cmt-sboxvc_cta3-icons cmt-section-wrapper-cell\"><div class=\"cmt-vc_icon_element cmt-vc_icon_element-outer cmt-vc_icon_element-align-left \"><div class=\"cmt-vc_icon_element-inner  cmt-vc_icon_element-color-skincolor cmt-vc_icon_element-size-md cmt-vc_icon_element-style-none cmt-vc_icon_element-background-color-grey\" ><span class=\"cmt-vc_icon_element-icon themifyicon ti-check-box\" ><\/span><\/div><\/div><\/div><div class=\"cmt-vc_cta3_content-container\"><div class=\"cmt-vc_cta3-content\"><div class=\"cmt-vc_cta3-content-header cmt-section-wrapper\"><div class=\"cmt-sboxvc_cta3-headers cmt-section-wrapper-cell\"><h2 class=\"cmt-custom-heading \" >Teknolojik \u0130novasyonlar\u0131 Yak\u0131ndan Takip Etme<\/h2>\n<\/div><\/div><\/div><div class=\"cmt-sboxcta3-desc-btn-wrapper\"><div class=\"cmt-sboxcta3-description\"><div class=\"cmt-sboxcta3-content-wrapper\"><p>Geli\u015fmeleri her zaman yak\u0131ndan takip ederek en yeniye ayak uydurmaya \u00e7al\u0131\u015f\u0131yoruz.<\/p><\/div><\/div><\/div><\/div><\/div><\/section><\/div>\t\t<\/div>\n\t<\/div>\n<\/div>\n\n\n\n\t\t\n\t <\/div> <\/div>\n\n\n<div class=\"vc_row-full-width vc_clearfix\"><\/div>\n\n\n\n\n\n\n\n\n<div class=\"cmt-row wpb_row vc_row-fluid cmt-container-row1140 vc_custom_1602588675798 cmt-sboxresponsive-custom-17656376 break-991-colum cmt-zindex-0 vc_row container cmt-bgimage-position-center_center\">\n\n\t\t\n\t\t\n\t\t\n\n<div class=\"wpb_column cmt-column vc_column_container vc_col-sm-6 cmt-zindex-0\">\n\t<div class=\"vc_column-inner  \">\n\t\t\t\t<div class=\"wpb_wrapper\">\n\t\t\t\t\t<\/div>\n\t<\/div>\n<\/div>\n\n\n\n\n\n<div class=\"wpb_column cmt-column vc_column_container vc_col-sm-6 cmt-overlap-row cmt-zindex-2\">\n\t<div class=\"vc_column-inner vc_custom_1602588579839 cmt-col-bgcolor-white cmt-col-bgcolor-yes cmt-sboxresponsive-custom-16214818\">\n\t\t<div class=\"cmt-col-wrapper-bg-layer cmt-bg-layer cmt-bgimage-position-center_center\"><div class=\"cmt-bg-layer-inner\"><\/div><\/div>\t\t<div class=\"wpb_wrapper\">\n\t\t\t\t\t<\/div>\n\t<\/div>\n<\/div>\n\n\n\n\t\t\n\t<\/div>\n","protected":false},"excerpt":{"rendered":"Birikim ve Deneyim Kaliteli Hizmet Uluslararas\u0131 alanda memnun kullan\u0131c\u0131 kitlesi G\u00fcvenilir ve Kaliteli Hizmet M\u00fchendislik hesaplar\u0131 ile tasarlanm\u0131\u015f makineler Kaliteli kontrol sistemi %100 g\u00fcvenilir garanti Profesyonel kadro Do\u011fru test s\u00fcre\u00e7leri EA End\u00fcstriyel makine olarak 2014\u2019te hizmet vermeye ba\u015flad\u0131\u011f\u0131m\u0131z g\u00fcnden bu yana edindi\u011fimiz birikim ile hem \u00fclkemizde hem de uluslararas\u0131 arenada kaliteli hizmet vermeye devam ediyoruz. &hellip; <a href=\"https:\/\/www.endustriyel.egeatilgan.com\/tr_tr\/\" class=\"more-link\">Continue reading <span class=\"screen-reader-text\">Anasayfa<\/span><\/a>","protected":false},"author":1,"featured_media":0,"parent":0,"menu_order":0,"comment_status":"closed","ping_status":"closed","template":"","meta":{"footnotes":""},"class_list":["post-4041","page","type-page","status-publish","hentry"],"_links":{"self":[{"href":"https:\/\/www.endustriyel.egeatilgan.com\/tr_tr\/wp-json\/wp\/v2\/pages\/4041","targetHints":{"allow":["GET"]}}],"collection":[{"href":"https:\/\/www.endustriyel.egeatilgan.com\/tr_tr\/wp-json\/wp\/v2\/pages"}],"about":[{"href":"https:\/\/www.endustriyel.egeatilgan.com\/tr_tr\/wp-json\/wp\/v2\/types\/page"}],"author":[{"embeddable":true,"href":"https:\/\/www.endustriyel.egeatilgan.com\/tr_tr\/wp-json\/wp\/v2\/users\/1"}],"replies":[{"embeddable":true,"href":"https:\/\/www.endustriyel.egeatilgan.com\/tr_tr\/wp-json\/wp\/v2\/comments?post=4041"}],"version-history":[{"count":47,"href":"https:\/\/www.endustriyel.egeatilgan.com\/tr_tr\/wp-json\/wp\/v2\/pages\/4041\/revisions"}],"predecessor-version":[{"id":4583,"href":"https:\/\/www.endustriyel.egeatilgan.com\/tr_tr\/wp-json\/wp\/v2\/pages\/4041\/revisions\/4583"}],"wp:attachment":[{"href":"https:\/\/www.endustriyel.egeatilgan.com\/tr_tr\/wp-json\/wp\/v2\/media?parent=4041"}],"curies":[{"name":"wp","href":"https:\/\/api.w.org\/{rel}","templated":true}]}}