{"id":3426,"date":"2020-10-12T04:22:23","date_gmt":"2020-10-12T04:22:23","guid":{"rendered":"https:\/\/shiftler.cymolthemes.com\/?page_id=3039"},"modified":"2021-04-13T10:25:45","modified_gmt":"2021-04-13T10:25:45","slug":"hakkimizda","status":"publish","type":"page","link":"https:\/\/www.endustriyel.egeatilgan.com\/tr_tr\/hakkimizda\/","title":{"rendered":"Hakk\u0131m\u0131zda"},"content":{"rendered":"<div class=\"cmt-row wpb_row vc_row-fluid vc_custom_1608893239981 cmt-sboxresponsive-custom-87424418 break-991-colum cmt-zindex-0 vc_row container cmt-bgimage-position-center_center\">\n\n\t\t\n\t\t\n\t\t\n\n<div class=\"wpb_column cmt-column vc_column_container vc_col-sm-6 cmt-zindex-0\">\n\t<div class=\"vc_column-inner  \">\n\t\t\t\t<div class=\"wpb_wrapper\">\n\t\t\t\n\t<div  class=\"wpb_single_image wpb_content_element vc_align_left\">\n\t\t\n\t\t<figure class=\"wpb_wrapper vc_figure\">\n\t\t\t<div class=\"vc_single_image-wrapper   vc_box_border_grey\"><img loading=\"lazy\" decoding=\"async\" class=\"vc_single_image-img \" src=\"https:\/\/www.endustriyel.egeatilgan.com\/wp-content\/uploads\/2021\/04\/IMG_7020-KAPAK-552x540.jpg\" width=\"552\" height=\"540\" alt=\"\" title=\"\" \/><\/div>\n\t\t<\/figure>\n\t<\/div>\n\n<div class=\"cmt-row-inner vc_row wpb_row vc_inner vc_row-fluid vc_custom_1602590834726 cmt-sboxresponsive-custom-44145638 cmt-zindex-2\">\n\t\n<div class=\"wpb_column cmt-column-inner vc_column_container vc_col-sm-12 cmt-zindex-0\">\n\t<div class=\"vc_column-inner  \">\n\t\t \n\t\t<div class=\"wpb_wrapper\">\n\t\t\t<div class=\"cymolthemes-boxes cymolthemes-boxes-steps cymolthemes-boxes-view-default cymolthemes-boxes-col-one cymolthemes-boxes-sortable- cymolthemes-boxes-textalign-\">\n\t\t<div class=\"cymolthemes-boxes-inner cymolthemes-boxes-steps-inner \"><div class=\"row multi-columns-row cymolthemes-boxes-row-wrapper\"><div class=\"cmt-sboxbox-col-wrapper col-lg-12 col-sm-12 col-md-12 col-xs-12 \">\n\t\t\t\t\t\t<div class=\"cmt-static-box-wrapper cmt-steps-box steps-style4\">\n\t\t\t\t\t\t\t<div class=\"cmt-static-box-content\" >\n\t\t\t\t\t\t\t\t<div class=\"cmt-steps-descbox\">\n\t\t\t\t\t\t\t\t\t<div class=\"cmt-static-steps-num\">\n\t\t\t\t\t\t\t\t\t  <span><i class=\"fa fa-check\"><\/i><\/span>\n\t\t\t\t\t\t\t\t\t<\/div>\n\t\t\t\t\t\t\t\t\t<div class=\"cmt-steps-desc\">\n\t\t\t\t\t\t\t\t\t<h3 class=\"cmt-custom-heading\">Teknolojik inovasyonlar\u0131 yak\u0131ndan takip etme<\/h3>\n\t\t\t\t\t\t\t\t\t\t\t\n\t\t\t\t\t\t\t\t\t<\/div>\n\t\t\t\t\t\t\t\t<\/div>\n\t\t\t\t\t\t\t<\/div>\n\t\t\t\t\t\t<\/div>\n\t\t\t\t\t\t<\/div><div class=\"cmt-sboxbox-col-wrapper col-lg-12 col-sm-12 col-md-12 col-xs-12 \">\n\t\t\t\t\t\t<div class=\"cmt-static-box-wrapper cmt-steps-box steps-style4\">\n\t\t\t\t\t\t\t<div class=\"cmt-static-box-content\" >\n\t\t\t\t\t\t\t\t<div class=\"cmt-steps-descbox\">\n\t\t\t\t\t\t\t\t\t<div class=\"cmt-static-steps-num\">\n\t\t\t\t\t\t\t\t\t  <span><i class=\"fa fa-check\"><\/i><\/span>\n\t\t\t\t\t\t\t\t\t<\/div>\n\t\t\t\t\t\t\t\t\t<div class=\"cmt-steps-desc\">\n\t\t\t\t\t\t\t\t\t<h3 class=\"cmt-custom-heading\">Bulundu\u011fumuz sekt\u00f6rde daima en ileri teknikleri kullanarak kaliteli hizmet verme<\/h3>\n\t\t\t\t\t\t\t\t\t\t\t\n\t\t\t\t\t\t\t\t\t<\/div>\n\t\t\t\t\t\t\t\t<\/div>\n\t\t\t\t\t\t\t<\/div>\n\t\t\t\t\t\t<\/div>\n\t\t\t\t\t\t<\/div><div class=\"cmt-sboxbox-col-wrapper col-lg-12 col-sm-12 col-md-12 col-xs-12 \">\n\t\t\t\t\t\t<div class=\"cmt-static-box-wrapper cmt-steps-box steps-style4\">\n\t\t\t\t\t\t\t<div class=\"cmt-static-box-content\" >\n\t\t\t\t\t\t\t\t<div class=\"cmt-steps-descbox\">\n\t\t\t\t\t\t\t\t\t<div class=\"cmt-static-steps-num\">\n\t\t\t\t\t\t\t\t\t  <span><i class=\"fa fa-check\"><\/i><\/span>\n\t\t\t\t\t\t\t\t\t<\/div>\n\t\t\t\t\t\t\t\t\t<div class=\"cmt-steps-desc\">\n\t\t\t\t\t\t\t\t\t<h3 class=\"cmt-custom-heading\">T\u00fcrkiye genelinde istihdam sa\u011flanmas\u0131na y\u00f6nelik faaliyet g\u00f6sterme<\/h3>\n\t\t\t\t\t\t\t\t\t\t\t\n\t\t\t\t\t\t\t\t\t<\/div>\n\t\t\t\t\t\t\t\t<\/div>\n\t\t\t\t\t\t\t<\/div>\n\t\t\t\t\t\t<\/div>\n\t\t\t\t\t\t<\/div><\/div><\/div><!-- .cymolthemes-boxes-inner -->   <\/div><!-- .cymolthemes-boxes -->  \t\t<\/div>\n\t<\/div>\n<\/div>\n\n<\/div>\n\n\t\t<\/div>\n\t<\/div>\n<\/div>\n\n\n\n\n\n<div class=\"wpb_column cmt-column vc_column_container vc_col-sm-6 cmt-zindex-0\">\n\t<div class=\"vc_column-inner vc_custom_1602590892904 cmt-sboxresponsive-custom-15214567\">\n\t\t\t\t<div class=\"wpb_wrapper\">\n\t\t\t<div class=\"cmt-element-heading-wrapper cmt-sboxheading-inner cmt-sboxelement-align-left cmt-seperator-none cmt-sboxheading-style-vertical \"><section class=\"cmt-sboxvc_cta3-container\"><div class=\"cmt-vc_general cmt-sboxvc_cta3 cmt-sboxcta3-only cmt-sboxvc_cta3-style-classic cmt-sboxvc_cta3-shape-rounded cmt-sboxvc_cta3-align-left cmt-sboxvc_cta3-color-transparent cmt-sboxvc_cta3-icon-size-md cmt-sboxvc_cta3-actions-no cmt-sboxcta3-without-desc\"><div class=\"cmt-vc_cta3_content-container\"><div class=\"cmt-vc_cta3-content\"><header class=\"cmt-vc_cta3-content-header cmt-section-wrapper\"><div class=\"cmt-sboxvc_cta3-headers cmt-section-wrapper-cell\"><h2 class=\"cmt-custom-heading \" >Geli\u015fmenin, ilerlemenin ve hizmet sunman\u0131n s\u0131n\u0131r\u0131 yoktur!<\/h2>\n<\/div><div class=\"heading-seperator\"><span><\/span><\/div><\/header><\/div><\/div><\/div><\/section><\/div> <!-- .cmt-element-heading-wrapper container --> <p style=\"text-align:left;\" class=\"cmt-custom-heading vc_custom_1615991459391\" >Ege At\u0131lgan End\u00fcstriyel Makina \u0130n\u015f. Tic. \u0130\u00e7 ve D\u0131\u015f Ticaret veya k\u0131saca Ege At\u0131lgan Group ismini ta\u015f\u0131yan \u015firketimiz ilk olarak makasl\u0131 y\u00fckselticiler, platformlar ve rampalar ile ilgili hizmet vermek \u00fczere Celal K\u0131rg\u0131l taraf\u0131ndan Tire\u2019de kuruldu.<br \/>\nHizmet ve \u00fcretim yelpazesini geni\u015fleterek, \u00e7e\u015fitli ebatlarda makasl\u0131 y\u00fck platformlar\u0131, engelli asans\u00f6rleri, \u00f6zel tasar\u0131m insan ve y\u00fck kald\u0131rma platformlar\u0131 ile y\u00fck asans\u00f6rleri, CNCN, NC ve plazma tezgahlar\u0131nda istenilen hassasiyetlerde imalat\u0131 ve revizyonu konusunda \u00e7al\u0131\u015fmalar\u0131n\u0131 yo\u011funla\u015ft\u0131k.<br \/>\n\u00dclkemizin uluslararas\u0131 alanda ham madde \u00fcretimi ve sanayideki rol\u00fcne katk\u0131 sa\u011flamak i\u00e7in y\u0131llard\u0131r canla ba\u015fla \u00e7al\u0131\u015fan Ege At\u0131lgan Group olarak hizmetlerimizi t\u00fct\u00fcn, kompozit, end\u00fcstriyel makine ve tar\u0131m makineleri olarak d\u00f6rt farkl\u0131 ba\u015fl\u0131k alt\u0131nda toplad\u0131k.<br \/>\nKurucumuz Celal KIRGIL\u2019\u0131n \u00f6nc\u00fcl\u00fc\u011f\u00fcnde kurum olarak i\u015f hayat\u0131ndaki birinci ve hi\u00e7bir zaman taviz vermedi\u011fimiz ilke m\u00fc\u015fteri memnuniyeti oldu. Mevcut m\u00fc\u015fterilerimizin tecr\u00fcbe etti\u011fi bu ilkemizi sizlerle de payla\u015fmay\u0131 dileriz.<\/p>\n\r\n\t\t<div class=\"cmt-vc_btn3-container cmt-vc_btn3-inline vc_custom_1615991497426\"><a class=\"cmt-vc_general cmt-vc_btn3 cmt-vc_btn3-size-md cmt-vc_btn3-shape-square cmt-vc_btn3-style-flat cmt-vc_btn3-weight-no cmt-vc_btn3-color-skincolor\" href=\"\" title=\"\">Daha Fazlas\u0131<\/a><\/div>\n<div class=\"cmt-row-inner vc_row wpb_row vc_inner vc_row-fluid vc_custom_1602590929059 cmt-sboxresponsive-custom-72848019 cmt-zindex-0\">\n\t\n<div class=\"wpb_column cmt-column-inner vc_column_container vc_col-sm-12 cmt-zindex-0\">\n\t<div class=\"vc_column-inner  \">\n\t\t \n\t\t<div class=\"wpb_wrapper\">\n\t\t\t\n\t<div  class=\"wpb_single_image wpb_content_element vc_align_left\">\n\t\t\n\t\t<figure class=\"wpb_wrapper vc_figure\">\n\t\t\t<div class=\"vc_single_image-wrapper   vc_box_border_grey\"><img loading=\"lazy\" decoding=\"async\" width=\"2560\" height=\"1698\" src=\"https:\/\/www.endustriyel.egeatilgan.com\/wp-content\/uploads\/2021\/04\/sdfghjkl-01-copy-01-scaled.jpg\" class=\"vc_single_image-img attachment-full\" alt=\"\" srcset=\"https:\/\/www.endustriyel.egeatilgan.com\/wp-content\/uploads\/2021\/04\/sdfghjkl-01-copy-01-scaled.jpg 2560w, https:\/\/www.endustriyel.egeatilgan.com\/wp-content\/uploads\/2021\/04\/sdfghjkl-01-copy-01-300x199.jpg 300w, https:\/\/www.endustriyel.egeatilgan.com\/wp-content\/uploads\/2021\/04\/sdfghjkl-01-copy-01-1024x679.jpg 1024w, https:\/\/www.endustriyel.egeatilgan.com\/wp-content\/uploads\/2021\/04\/sdfghjkl-01-copy-01-768x510.jpg 768w, https:\/\/www.endustriyel.egeatilgan.com\/wp-content\/uploads\/2021\/04\/sdfghjkl-01-copy-01-1536x1019.jpg 1536w, https:\/\/www.endustriyel.egeatilgan.com\/wp-content\/uploads\/2021\/04\/sdfghjkl-01-copy-01-2048x1359.jpg 2048w\" sizes=\"auto, (max-width: 2560px) 100vw, 2560px\" data-id=\"4564\" \/><\/div>\n\t\t<\/figure>\n\t<\/div>\n\t\t<\/div>\n\t<\/div>\n<\/div>\n\n<\/div>\n\n\t\t<\/div>\n\t<\/div>\n<\/div>\n\n\n\n\t\t\n\t<\/div>\n\n\n\n\n\n\n\n\n\n\n\n<div data-vc-full-width=\"true\" data-vc-full-width-init=\"false\" class=\"cmt-row wpb_row vc_row-fluid cmt-maincol-seprator vc_custom_1609824304739 cmt-sboxresponsive-custom-44249606 vc_row-has-fill break-991-colum cmt-zindex-0 cmt-bgcolor-darkgrey cmt-bgimage-position-center_center cmt-bg cmt-bgimage-yes\">\n\n\t\t\t<div class=\"cmt-row-wrapper-bg-layer cmt-bg-layer\"><\/div><!-- CymolThemes custom DIV added -->\n\t\t\n\t <div class=\"vc_row container vc_row-o-equal-height vc_row-flex\"> \t\n\t\t\n\n<div class=\"wpb_column cmt-column vc_column_container vc_col-sm-5 cmt-zindex-0\">\n\t<div class=\"vc_column-inner  \">\n\t\t\t\t<div class=\"wpb_wrapper\">\n\t\t\t\n<div class=\"cmt-row-inner vc_row wpb_row vc_inner vc_row-fluid cmt-column-inline vc_custom_1602420070977 cmt-zindex-0\">\n\t\n<div class=\"wpb_column cmt-column-inner vc_column_container vc_col-sm-3 cmt-zindex-0\">\n\t<div class=\"vc_column-inner  \">\n\t\t \n\t\t<div class=\"wpb_wrapper\">\n\t\t\t<h2 style=\"text-align:left;font-size:126px;line-height:126px;\" class=\"cmt-custom-heading \" >15<\/h2>\n\t\t<\/div>\n\t<\/div>\n<\/div>\n\n\n<div class=\"wpb_column cmt-column-inner vc_column_container vc_col-sm-9 cmt-zindex-0\">\n\t<div class=\"vc_column-inner vc_custom_1602420010538 \">\n\t\t \n\t\t<div class=\"wpb_wrapper\">\n\t\t\t<h2 style=\"text-align:left;font-size:42px;line-height:52px;\" class=\"cmt-custom-heading \" >Memnun<strong> M\u00fc\u015fteri<\/strong><\/h2>\n\t\t<\/div>\n\t<\/div>\n<\/div>\n\n<\/div>\n\n<p style=\"text-align:left;font-size:20px;line-height:36px;\" class=\"cmt-custom-heading \" >\u00dcst\u00fcn m\u00fchendislik y\u00f6ntemleri ile kaliteli hizmet<\/p>\n\t\t<\/div>\n\t<\/div>\n<\/div>\n\n\n\n\n\n<div class=\"wpb_column cmt-column vc_column_container vc_col-sm-7 cmt-zindex-0\">\n\t<div class=\"vc_column-inner vc_custom_1602591184492 cmt-sboxresponsive-custom-17099803\">\n\t\t\t\t<div class=\"wpb_wrapper\">\n\t\t\t\n<div class=\"cmt-row-inner vc_row wpb_row vc_inner vc_row-fluid cmt-zindex-0\">\n\t\n<div class=\"wpb_column cmt-column-inner vc_column_container vc_col-sm-6 cmt-zindex-0\">\n\t<div class=\"vc_column-inner  cmt-sboxresponsive-custom-90721226\">\n\t\t \n\t\t<div class=\"wpb_wrapper\">\n\t\t\t\n\n<div class=\"cmt-fid inside cmt-fid-without-icon cmt-fid-view-topcentericon cmt-fid-no-border\">\n\t\t<div class=\"cmt-fld-contents cmt-section-wrapper\">\n\t\t<h4 class=\"cmt-fid-inner cmt-section-wrapper-cell\">\n\t\t\t\t\t\t<span\n\t\t\t\tdata-appear-animation = \"animateDigits\"\n\t\t\t\tdata-from             = \"0\"\n\t\t\t\tdata-to               = \"4\"\n\t\t\t\tdata-interval         = \"5\"\n\t\t\t\tdata-before           = \"\"\n\t\t\t\tdata-before-style     = \"sup\"\n\t\t\t\tdata-after            = \"\"\n\t\t\t\tdata-after-style      = \"sub\"\n\t\t\t\t>\n\t\t\t\t\t4\t\t\t<\/span>\n\t\t\t\t\t<\/h4>\n\t\t<h3 class=\"cmt-fid-title cmt-section-wrapper-cell\"><span>Marka<br><\/span><\/h3>\n\t<\/div><!-- .cmt-fld-contents -->\n\t<\/div>\n\n\n\n\t\t<\/div>\n\t<\/div>\n<\/div>\n\n\n<div class=\"wpb_column cmt-column-inner vc_column_container vc_col-sm-6 cmt-zindex-0\">\n\t<div class=\"vc_column-inner  cmt-sboxresponsive-custom-45696974\">\n\t\t \n\t\t<div class=\"wpb_wrapper\">\n\t\t\t\n\n<div class=\"cmt-fid inside cmt-fid-without-icon cmt-fid-view-topcentericon cmt-fid-no-border\">\n\t\t<div class=\"cmt-fld-contents cmt-section-wrapper\">\n\t\t<h4 class=\"cmt-fid-inner cmt-section-wrapper-cell\">\n\t\t\t\t\t\t<span\n\t\t\t\tdata-appear-animation = \"animateDigits\"\n\t\t\t\tdata-from             = \"0\"\n\t\t\t\tdata-to               = \"25\"\n\t\t\t\tdata-interval         = \"5\"\n\t\t\t\tdata-before           = \"\"\n\t\t\t\tdata-before-style     = \"sup\"\n\t\t\t\tdata-after            = \"\"\n\t\t\t\tdata-after-style      = \"sub\"\n\t\t\t\t>\n\t\t\t\t\t25\t\t\t<\/span>\n\t\t\t\t\t<\/h4>\n\t\t<h3 class=\"cmt-fid-title cmt-section-wrapper-cell\"><span>\u00c7al\u0131\u015fan<br><\/span><\/h3>\n\t<\/div><!-- .cmt-fld-contents -->\n\t<\/div>\n\n\n\n\t\t<\/div>\n\t<\/div>\n<\/div>\n\n<\/div>\n\n\n<div class=\"cmt-row-inner vc_row wpb_row vc_inner vc_row-fluid vc_custom_1602591332826 cmt-sboxresponsive-custom-86033840 cmt-zindex-0\">\n\t\n<div class=\"wpb_column cmt-column-inner vc_column_container vc_col-sm-6 cmt-zindex-0\">\n\t<div class=\"vc_column-inner  cmt-sboxresponsive-custom-14583637\">\n\t\t \n\t\t<div class=\"wpb_wrapper\">\n\t\t\t\n\n<div class=\"cmt-fid inside cmt-fid-without-icon cmt-fid-view-topcentericon cmt-fid-no-border\">\n\t\t<div class=\"cmt-fld-contents cmt-section-wrapper\">\n\t\t<h4 class=\"cmt-fid-inner cmt-section-wrapper-cell\">\n\t\t\t\t\t\t<span\n\t\t\t\tdata-appear-animation = \"animateDigits\"\n\t\t\t\tdata-from             = \"0\"\n\t\t\t\tdata-to               = \"7\"\n\t\t\t\tdata-interval         = \"5\"\n\t\t\t\tdata-before           = \"\"\n\t\t\t\tdata-before-style     = \"sup\"\n\t\t\t\tdata-after            = \"\"\n\t\t\t\tdata-after-style      = \"sub\"\n\t\t\t\t>\n\t\t\t\t\t7\t\t\t<\/span>\n\t\t\t\t\t<\/h4>\n\t\t<h3 class=\"cmt-fid-title cmt-section-wrapper-cell\"><span>Y\u0131ll\u0131k Deneyim<br><\/span><\/h3>\n\t<\/div><!-- .cmt-fld-contents -->\n\t<\/div>\n\n\n\n\t\t<\/div>\n\t<\/div>\n<\/div>\n\n\n<div class=\"wpb_column cmt-column-inner vc_column_container vc_col-sm-6 cmt-zindex-0\">\n\t<div class=\"vc_column-inner  \">\n\t\t \n\t\t<div class=\"wpb_wrapper\">\n\t\t\t\n\n<div class=\"cmt-fid inside cmt-fid-without-icon cmt-fid-view-topcentericon cmt-fid-no-border\">\n\t\t<div class=\"cmt-fld-contents cmt-section-wrapper\">\n\t\t<h4 class=\"cmt-fid-inner cmt-section-wrapper-cell\">\n\t\t\t\t\t\t<span\n\t\t\t\tdata-appear-animation = \"animateDigits\"\n\t\t\t\tdata-from             = \"0\"\n\t\t\t\tdata-to               = \"13\"\n\t\t\t\tdata-interval         = \"5\"\n\t\t\t\tdata-before           = \"\"\n\t\t\t\tdata-before-style     = \"sup\"\n\t\t\t\tdata-after            = \"\"\n\t\t\t\tdata-after-style      = \"sub\"\n\t\t\t\t>\n\t\t\t\t\t13\t\t\t<\/span>\n\t\t\t\t\t<\/h4>\n\t\t<h3 class=\"cmt-fid-title cmt-section-wrapper-cell\"><span>Farkl\u0131 \u00dclkeye \u0130hracat<br><\/span><\/h3>\n\t<\/div><!-- .cmt-fld-contents -->\n\t<\/div>\n\n\n\n\t\t<\/div>\n\t<\/div>\n<\/div>\n\n<\/div>\n\n\t\t<\/div>\n\t<\/div>\n<\/div>\n\n\n\n\t\t\n\t <\/div> <\/div>\n\n\n<div class=\"vc_row-full-width vc_clearfix\"><\/div>\n\n\n\n\n\n\n\n\n<div data-vc-full-width=\"true\" data-vc-full-width-init=\"false\" class=\"cmt-row wpb_row vc_row-fluid vc_custom_1609824461692 cmt-sboxresponsive-custom-82905766 vc_row-has-fill cmt-zindex-2 cmt-bgimage-position-center_bottom cmt-bg cmt-bgimage-yes\">\n\n\t\t\t<div class=\"cmt-row-wrapper-bg-layer cmt-bg-layer\"><\/div><!-- CymolThemes custom DIV added -->\n\t\t\n\t <div class=\"vc_row container\"> \t\n\t\t\n\n<div class=\"wpb_column cmt-column vc_column_container vc_col-sm-12 cmt-zindex-0\">\n\t<div class=\"vc_column-inner  \">\n\t\t\t\t<div class=\"wpb_wrapper\">\n\t\t\t\n<div class=\"cmt-row-inner vc_row wpb_row vc_inner vc_row-fluid vc_custom_1608893526156 cmt-sboxresponsive-custom-68868798 cmt-zindex-0\">\n\t\n<div class=\"wpb_column cmt-column-inner vc_column_container vc_col-sm-12 cmt-zindex-0\">\n\t<div class=\"vc_column-inner  \">\n\t\t \n\t\t<div class=\"wpb_wrapper\">\n\t\t\t<div class=\"cymolthemes-boxes cymolthemes-boxes-testimonial cymolthemes-boxes-view-carousel cymolthemes-boxes-col-two cymolthemes-boxes-sortable-no cymolthemes-boxes-textalign-center cmt-sboxcta3-rev-heading cmt-sboxboxes-carousel-arrows-1\" data-cmt-sboxspeed=\"1500\" data-cmt-sboxautoplay=\"1\" data-cmt-sboxautoplayspeed=\"4500\" data-cmt-sboxloop=\"1\" data-cmt-sboxdots=\"0\" data-cmt-sboxnav=\"1\" data-cmt-sboxcentermode=\"0\" data-cmt-sboxcenterpadding=\"300\" data-cmt-sboxpauseonfocus=\"1\" data-cmt-sboxpauseonhover=\"1\" data-cmt-sboxslidestoscroll=\"1\" data-cmt-sboxeffecttype=\"slide\">\n\t\t<div class=\"cymolthemes-boxes-inner cymolthemes-boxes-testimonial-inner \"><div class=\"cymolthemes-box-heading-wrapper cmt-sboxelement-align-center\"><div class=\"cmt-element-heading-wrapper cmt-sboxheading-inner cmt-sboxelement-align-center cmt-seperator-none cmt-sboxheading-style-vertical \"><section class=\"cmt-sboxvc_cta3-container\"><div class=\"cmt-vc_general cmt-sboxvc_cta3 cmt-sboxcta3-only cmt-sboxvc_cta3-style-classic cmt-sboxvc_cta3-shape-rounded cmt-sboxvc_cta3-align-center cmt-sboxvc_cta3-color-transparent cmt-sboxvc_cta3-icon-size-md cmt-sboxvc_cta3-actions-no cmt-sboxcta3-without-desc\"><div class=\"cmt-vc_cta3_content-container\"><div class=\"cmt-vc_cta3-content\"><header class=\"cmt-vc_cta3-content-header cmt-section-wrapper\"><div class=\"cmt-sboxvc_cta3-headers cmt-section-wrapper-cell\"><h4 style=\"color:#e24412;\" class=\"cmt-custom-heading \" >Kullan\u0131c\u0131 Yorumlar\u0131<\/h4>\n<h2 class=\"cmt-custom-heading \" >M\u00fc\u015fterilerimizin Bizim Hakk\u0131m\u0131zda D\u00fc\u015f\u00fcnd\u00fckleri<\/h2>\n<\/div><div class=\"heading-seperator\"><span><\/span><\/div><\/header><\/div><\/div><\/div><\/section><\/div> <!-- .cmt-element-heading-wrapper container --> <\/div> <!-- .cmt-element-heading-wrapper container --> \n\t\t\t\n\t\t\t<div class=\"row multi-columns-row cymolthemes-boxes-row-wrapper\">\n\t\t\t\t<div class=\"cmt-sboxbox-col-wrapper col-lg-6 col-sm-6 col-md-6 col-xs-12 kullanici\"><article class=\"cymolthemes-box cymolthemes-box-testimonial cymolthemes-testimonialbox-stylethree\">\n\t<div class=\"cymolthemes-post-item\">\n\t\t<div class=\"cymolthemes-box-img\"><span class=\"cymolthemes-icon-box\"><i class=\"demo-icon cmt-shiftler-icon-quote-left\"><\/i><\/span><\/div>\n\t\t\n\t\t<div class=\"cymolthemes-box-desc\">\n\t\t\t<div class=\"cmt-ratting-star\"> <i class=\"fa fa-star cmt-sboxactive\"><\/i>  <i class=\"fa fa-star cmt-sboxactive\"><\/i>  <i class=\"fa fa-star cmt-sboxactive\"><\/i>  <i class=\"fa fa-star cmt-sboxactive\"><\/i>  <i class=\"fa fa-star cmt-sboxactive\"><\/i> <\/div>\n\t\t\t<blockquote class=\"cymolthemes-testimonial-text\">\u201cK\u00f6kl\u00fc bir \u015firket olan EA Group\u2019un m\u00fc\u015fteri ile olan ileti\u015fiminden ve kaliteden \u00f6d\u00fcn vermeyen \u00e7al\u0131\u015fma disiplininden \u00e7ok etkilendim ve memnun kald\u0131m.\u201d<\/blockquote>\n\t\t\t<div class=\"clearfix\"><\/div>\n\t\t\t<div class=\"cymolthemes-box-author\">\t\n\t\t\t\t<div class=\"cymolthemes-box-title\">\n\t\t\t\t\t<h3 class=\"cymolthemes-author-name\">Levent<\/h3><span class=\"cymolthemes-box-footer\">M\u00fc\u015fteri<\/span>\t\t\t\t<\/div>\n\t\t\t<\/div>\n\t\t<\/div>\n\t<\/div>\n<\/article><\/div><div class=\"cmt-sboxbox-col-wrapper col-lg-6 col-sm-6 col-md-6 col-xs-12 kullanici\"><article class=\"cymolthemes-box cymolthemes-box-testimonial cymolthemes-testimonialbox-stylethree\">\n\t<div class=\"cymolthemes-post-item\">\n\t\t<div class=\"cymolthemes-box-img\"><span class=\"cymolthemes-icon-box\"><i class=\"demo-icon cmt-shiftler-icon-quote-left\"><\/i><\/span><\/div>\n\t\t\n\t\t<div class=\"cymolthemes-box-desc\">\n\t\t\t<div class=\"cmt-ratting-star\"> <i class=\"fa fa-star cmt-sboxactive\"><\/i>  <i class=\"fa fa-star cmt-sboxactive\"><\/i>  <i class=\"fa fa-star cmt-sboxactive\"><\/i>  <i class=\"fa fa-star cmt-sboxactive\"><\/i>  <i class=\"fa fa-star cmt-sboxactive\"><\/i> <\/div>\n\t\t\t<blockquote class=\"cymolthemes-testimonial-text\">\u201cEge At\u0131lgan, makinelerin temizlik ve bak\u0131m\u0131n\u0131 ihmal etmemesi ve m\u00fc\u015fterilerin memnuniyetini sa\u011flamas\u0131 a\u00e7\u0131s\u0131ndan \u00f6rnek al\u0131nmas\u0131 geren bir marka.\u201d<\/blockquote>\n\t\t\t<div class=\"clearfix\"><\/div>\n\t\t\t<div class=\"cymolthemes-box-author\">\t\n\t\t\t\t<div class=\"cymolthemes-box-title\">\n\t\t\t\t\t<h3 class=\"cymolthemes-author-name\">Ahmet<\/h3><span class=\"cymolthemes-box-footer\">M\u00fc\u015fteri<\/span>\t\t\t\t<\/div>\n\t\t\t<\/div>\n\t\t<\/div>\n\t<\/div>\n<\/article><\/div>\n\t\t\t<\/div>\n\t\t<\/div><!-- .cymolthemes-boxes-inner -->   <\/div><!-- .cymolthemes-boxes -->  \t\t<\/div>\n\t<\/div>\n<\/div>\n\n<\/div>\n\n\t\t<\/div>\n\t<\/div>\n<\/div>\n\n\n\n\t\t\n\t <\/div> <\/div>\n\n\n<div class=\"vc_row-full-width vc_clearfix\"><\/div>\n","protected":false},"excerpt":{"rendered":"\u201cEge At\u0131lgan, makinelerin temizlik ve bak\u0131m\u0131n\u0131 ihmal etmemesi ve m\u00fc\u015fterilerin memnuniyetini sa\u011flamas\u0131 a\u00e7\u0131s\u0131ndan \u00f6rnek al\u0131nmas\u0131 geren bir marka.\u201d","protected":false},"author":1,"featured_media":0,"parent":0,"menu_order":0,"comment_status":"closed","ping_status":"closed","template":"","meta":{"footnotes":""},"class_list":["post-3426","page","type-page","status-publish","hentry"],"_links":{"self":[{"href":"https:\/\/www.endustriyel.egeatilgan.com\/tr_tr\/wp-json\/wp\/v2\/pages\/3426","targetHints":{"allow":["GET"]}}],"collection":[{"href":"https:\/\/www.endustriyel.egeatilgan.com\/tr_tr\/wp-json\/wp\/v2\/pages"}],"about":[{"href":"https:\/\/www.endustriyel.egeatilgan.com\/tr_tr\/wp-json\/wp\/v2\/types\/page"}],"author":[{"embeddable":true,"href":"https:\/\/www.endustriyel.egeatilgan.com\/tr_tr\/wp-json\/wp\/v2\/users\/1"}],"replies":[{"embeddable":true,"href":"https:\/\/www.endustriyel.egeatilgan.com\/tr_tr\/wp-json\/wp\/v2\/comments?post=3426"}],"version-history":[{"count":18,"href":"https:\/\/www.endustriyel.egeatilgan.com\/tr_tr\/wp-json\/wp\/v2\/pages\/3426\/revisions"}],"predecessor-version":[{"id":4625,"href":"https:\/\/www.endustriyel.egeatilgan.com\/tr_tr\/wp-json\/wp\/v2\/pages\/3426\/revisions\/4625"}],"wp:attachment":[{"href":"https:\/\/www.endustriyel.egeatilgan.com\/tr_tr\/wp-json\/wp\/v2\/media?parent=3426"}],"curies":[{"name":"wp","href":"https:\/\/api.w.org\/{rel}","templated":true}]}}