{"id":663,"date":"2020-04-25T09:25:11","date_gmt":"2020-04-25T09:25:11","guid":{"rendered":"http:\/\/localhost\/shiftler\/?page_id=663"},"modified":"2021-05-11T21:49:39","modified_gmt":"2021-05-11T21:49:39","slug":"iletisim","status":"publish","type":"page","link":"https:\/\/www.endustriyel.egeatilgan.com\/en\/iletisim\/","title":{"rendered":"Contact"},"content":{"rendered":"<div data-vc-full-width=\"true\" data-vc-full-width-init=\"false\" class=\"cmt-row wpb_row vc_row-fluid vc_custom_1609826270281 cmt-sboxresponsive-custom-47336769 vc_row-has-fill break-991-colum cmt-zindex-0 cmt-bgimage-position-right_top cmt-bg cmt-bgimage-yes\">\n\n\t\t\t<div class=\"cmt-row-wrapper-bg-layer cmt-bg-layer\"><\/div><!-- CymolThemes custom DIV added -->\n\t\t\n\t <div class=\"vc_row container\"> \t\n\t\t\n\n<div class=\"wpb_column cmt-column vc_column_container vc_col-sm-6 cmt-zindex-0 margin-15px-991-colum\">\n\t<div class=\"vc_column-inner vc_custom_1602501305807 cmt-sboxresponsive-custom-58167996\">\n\t\t\t\t<div class=\"wpb_wrapper\">\n\t\t\t<div class=\"cmt-element-heading-wrapper cmt-sboxheading-inner cmt-sboxelement-align-left cmt-seperator-none cmt-sboxheading-style-vertical\"><section class=\"cmt-sboxvc_cta3-container\"><div class=\"cmt-vc_general cmt-sboxvc_cta3 cmt-sboxcta3-only cmt-sboxvc_cta3-style-classic cmt-sboxvc_cta3-shape-rounded cmt-sboxvc_cta3-align-left cmt-sboxvc_cta3-color-transparent cmt-sboxvc_cta3-icon-size-md cmt-sboxvc_cta3-actions-no cmt-sboxcta3-without-desc\"><div class=\"cmt-vc_cta3_content-container\"><div class=\"cmt-vc_cta3-content\"><header class=\"cmt-vc_cta3-content-header cmt-section-wrapper\"><div class=\"cmt-sboxvc_cta3-headers cmt-section-wrapper-cell\"><h2 style=\"line-height:35px;\" class=\"cmt-custom-heading\" >Ege At\u0131lgan End\u00fcstriyel Makina \u0130n\u015f.T\u00fct\u00fcn \u0130\u00e7 ve D\u0131\u015f Ticaret A.\u015e.<\/h2>\n<\/div><div class=\"heading-seperator\"><span><\/span><\/div><\/header><\/div><\/div><\/div><\/section><\/div> <!-- .cmt-element-heading-wrapper container --> \n<div class=\"cmt-row-inner vc_row wpb_row vc_inner vc_row-fluid pmargin-8-bottom vc_custom_1602572537757 cmt-zindex-0\">\n\t\n<div class=\"wpb_column cmt-column-inner vc_column_container vc_col-sm-12 cmt-zindex-0\">\n\t<div class=\"vc_column-inner\">\n\t\t \n\t\t<div class=\"wpb_wrapper\">\n\t\t\t\n\t<div  class=\"wpb_single_image wpb_content_element vc_align_left  vc_custom_1616766751720\">\n\t\t\n\t\t<figure class=\"wpb_wrapper vc_figure\">\n\t\t\t<div class=\"vc_single_image-wrapper   vc_box_border_grey\"><img loading=\"lazy\" decoding=\"async\" width=\"2560\" height=\"1702\" src=\"https:\/\/www.endustriyel.egeatilgan.com\/wp-content\/uploads\/2021\/03\/DSC_0145-scaled.jpg\" class=\"vc_single_image-img attachment-full\" alt=\"\" srcset=\"https:\/\/www.endustriyel.egeatilgan.com\/wp-content\/uploads\/2021\/03\/DSC_0145-scaled.jpg 2560w, https:\/\/www.endustriyel.egeatilgan.com\/wp-content\/uploads\/2021\/03\/DSC_0145-300x199.jpg 300w, https:\/\/www.endustriyel.egeatilgan.com\/wp-content\/uploads\/2021\/03\/DSC_0145-1024x681.jpg 1024w, https:\/\/www.endustriyel.egeatilgan.com\/wp-content\/uploads\/2021\/03\/DSC_0145-768x511.jpg 768w, https:\/\/www.endustriyel.egeatilgan.com\/wp-content\/uploads\/2021\/03\/DSC_0145-1536x1021.jpg 1536w, https:\/\/www.endustriyel.egeatilgan.com\/wp-content\/uploads\/2021\/03\/DSC_0145-2048x1362.jpg 2048w\" sizes=\"auto, (max-width: 2560px) 100vw, 2560px\" data-id=\"4458\" \/><\/div>\n\t\t<\/figure>\n\t<\/div>\n<div class=\"cmt-sbox cmt-sbox-iconalign-left-spacing cmt-sbox-bgcolor-transparent cmt-bgcolor-transparent cmt-sbox-textcolor- cmt-textcolor- cmt-sbox-isize-md cmt-sbox-isize-md cmt-sbox-istyle-none  cmt-sbox-both-headings\"><section class=\"cmt-sboxvc_cta3-container\"><div class=\"cmt-vc_general cmt-sboxvc_cta3 cmt-sboxvc_cta3-align-left cmt-sboxvc_cta3-icon-size-md cmt-sboxvc_cta3-icons-left cmt-sboxvc_cta3-actions-no\"><div class=\"cmt-sboxvc_cta3-icons cmt-section-wrapper-cell\"><div class=\"cmt-vc_icon_element cmt-vc_icon_element-outer cmt-vc_icon_element-align-left\"><div class=\"cmt-vc_icon_element-inner  cmt-vc_icon_element-color-skincolor cmt-vc_icon_element-size-md cmt-vc_icon_element-style-none cmt-vc_icon_element-background-color-grey\" ><span class=\"cmt-vc_icon_element-icon fa fa-map-marker\" ><\/span><\/div><\/div><\/div><div class=\"cmt-vc_cta3_content-container\"><div class=\"cmt-vc_cta3-content\"><div class=\"cmt-vc_cta3-content-header cmt-section-wrapper\"><div class=\"cmt-sboxvc_cta3-headers cmt-section-wrapper-cell\"><h2 class=\"cmt-custom-heading\" >Address:<\/h2>\n<h4 class=\"cmt-custom-heading\" >\u0130bni Melek OSB Mah. Tosbi Yol 3. Sokak No:19\/1 Tire\/\u0130ZM\u0130R<\/h4>\n<\/div><\/div><\/div><div class=\"cmt-sboxcta3-desc-btn-wrapper\"><div class=\"cmt-sboxcta3-description\"><\/div><\/div><\/div><\/div><\/section><\/div><div class=\"cmt-sbox cmt-sbox-iconalign-left-spacing cmt-sbox-bgcolor-transparent cmt-bgcolor-transparent cmt-sbox-textcolor- cmt-textcolor- cmt-sbox-isize-md cmt-sbox-isize-md cmt-sbox-istyle-none  cmt-sbox-both-headings\"><section class=\"cmt-sboxvc_cta3-container\"><div class=\"cmt-vc_general cmt-sboxvc_cta3 cmt-sboxvc_cta3-align-left cmt-sboxvc_cta3-icon-size-md cmt-sboxvc_cta3-icons-left cmt-sboxvc_cta3-actions-no\"><div class=\"cmt-sboxvc_cta3-icons cmt-section-wrapper-cell\"><div class=\"cmt-vc_icon_element cmt-vc_icon_element-outer cmt-vc_icon_element-align-left\"><div class=\"cmt-vc_icon_element-inner  cmt-vc_icon_element-color-skincolor cmt-vc_icon_element-size-md cmt-vc_icon_element-style-none cmt-vc_icon_element-background-color-grey\" ><span class=\"cmt-vc_icon_element-icon fa fa-whatsapp\" ><\/span><\/div><\/div><\/div><div class=\"cmt-vc_cta3_content-container\"><div class=\"cmt-vc_cta3-content\"><div class=\"cmt-vc_cta3-content-header cmt-section-wrapper\"><div class=\"cmt-sboxvc_cta3-headers cmt-section-wrapper-cell\"><h2 class=\"cmt-custom-heading\" >Contact Us<\/h2>\n<h4 class=\"cmt-custom-heading\" >+90 534 032 4146<br \/>\n+90 232 512 6079<\/h4>\n<\/div><\/div><\/div><div class=\"cmt-sboxcta3-desc-btn-wrapper\"><div class=\"cmt-sboxcta3-description\"><\/div><\/div><\/div><\/div><\/section><\/div><div class=\"cmt-sbox cmt-sbox-iconalign-left-spacing cmt-sbox-bgcolor-transparent cmt-bgcolor-transparent cmt-sbox-textcolor- cmt-textcolor- cmt-sbox-isize-md cmt-sbox-isize-md cmt-sbox-istyle-none  cmt-sbox-both-headings\"><section class=\"cmt-sboxvc_cta3-container\"><div class=\"cmt-vc_general cmt-sboxvc_cta3 cmt-sboxvc_cta3-align-left cmt-sboxvc_cta3-icon-size-md cmt-sboxvc_cta3-icons-left cmt-sboxvc_cta3-actions-no\"><div class=\"cmt-sboxvc_cta3-icons cmt-section-wrapper-cell\"><div class=\"cmt-vc_icon_element cmt-vc_icon_element-outer cmt-vc_icon_element-align-left\"><div class=\"cmt-vc_icon_element-inner  cmt-vc_icon_element-color-skincolor cmt-vc_icon_element-size-md cmt-vc_icon_element-style-none cmt-vc_icon_element-background-color-grey\" ><span class=\"cmt-vc_icon_element-icon themifyicon ti-email\" ><\/span><\/div><\/div><\/div><div class=\"cmt-vc_cta3_content-container\"><div class=\"cmt-vc_cta3-content\"><div class=\"cmt-vc_cta3-content-header cmt-section-wrapper\"><div class=\"cmt-sboxvc_cta3-headers cmt-section-wrapper-cell\"><h2 class=\"cmt-custom-heading\" >E-mail<\/h2>\n<h4 class=\"cmt-custom-heading\" >info@eaendustri.com.tr<br \/>\ninfo@egeatilgan.com<\/h4>\n<\/div><\/div><\/div><div class=\"cmt-sboxcta3-desc-btn-wrapper\"><div class=\"cmt-sboxcta3-description\"><\/div><\/div><\/div><\/div><\/section><\/div><div class=\"cmt-sbox cmt-sbox-iconalign-left-spacing cmt-sbox-bgcolor-transparent cmt-bgcolor-transparent cmt-sbox-textcolor- cmt-textcolor- cmt-sbox-isize-md cmt-sbox-isize-md cmt-sbox-istyle-none  cmt-sbox-heading-only\"><section class=\"cmt-sboxvc_cta3-container\"><div class=\"cmt-vc_general cmt-sboxvc_cta3 cmt-sboxvc_cta3-align-left cmt-sboxvc_cta3-icon-size-md cmt-sboxvc_cta3-icons-left cmt-sboxvc_cta3-actions-no\"><div class=\"cmt-sboxvc_cta3-icons cmt-section-wrapper-cell\"><div class=\"cmt-vc_icon_element cmt-vc_icon_element-outer cmt-vc_icon_element-align-left\"><div class=\"cmt-vc_icon_element-inner  cmt-vc_icon_element-color-skincolor cmt-vc_icon_element-size-md cmt-vc_icon_element-style-none cmt-vc_icon_element-background-color-grey\" ><span class=\"cmt-vc_icon_element-icon themifyicon ti-youtube\" ><\/span><\/div><\/div><\/div><div class=\"cmt-vc_cta3_content-container\"><div class=\"cmt-vc_cta3-content\"><div class=\"cmt-vc_cta3-content-header cmt-section-wrapper\"><div class=\"cmt-sboxvc_cta3-headers cmt-section-wrapper-cell\"><h2 class=\"cmt-custom-heading\" ><a href=\"https:\/\/www.youtube.com\/channel\/UCNEkxVmah0E2NZaTk6xdM4Q\">Our Youtube Channel<\/a><\/h2>\n<\/div><\/div><\/div><div class=\"cmt-sboxcta3-desc-btn-wrapper\"><div class=\"cmt-sboxcta3-description\"><\/div><\/div><\/div><\/div><\/section><\/div><div class=\"wpb_gmaps_widget wpb_content_element\"><div class=\"wpb_wrapper\"><div class=\"wpb_map_wraper\"><iframe src=\"https:\/\/www.google.com\/maps\/embed?pb=!1m14!1m8!1m3!1d6277.513083935479!2d27.705626!3d38.12259800000001!3m2!1i1024!2i768!4f13.1!3m3!1m2!1s0x0%3A0x17bdf270342e4c58!2zRWdlIEF0xLFsZ2FuIEVuZMO8c3RyaXllbCBNYWtpbmEgxLBuxZ8uVMO8dMO8biDEsMOnIHZlIETEscWfIFRpY2FyZXQgQS7Fni4!5e0!3m2!1str!2str!4v1615640866306!5m2!1str!2str\" width=\"600\" height=\"450\" style=\"border:0;\" allowfullscreen=\"\" loading=\"lazy\"><\/iframe><\/div><\/div><\/div>\t\t<\/div>\n\t<\/div>\n<\/div>\n\n<\/div>\n\n\r\n\t\t<div class=\"cmt-vc_btn3-container cmt-vc_btn3-inline\"><a class=\"cmt-vc_general cmt-vc_btn3 cmt-vc_btn3-size-md cmt-vc_btn3-shape-square cmt-vc_btn3-style-flat cmt-vc_btn3-weight-no cmt-vc_btn3-icon-left cmt-vc_btn3-color-skincolor\" href=\"https:\/\/www.google.com\/maps?ll=38.122598,27.705626&amp;z=15&amp;t=m&amp;hl=tr&amp;gl=TR&amp;mapclient=embed&amp;cid=1710789997196364888\" title=\"\" target=\"_blank\"><i class=\"cmt-vc_btn3-icon themifyicon ti-map-alt\"><\/i> Get Directions!<\/a><\/div>\t\t<\/div>\n\t<\/div>\n<\/div>\n\n\n\n\n\n<div class=\"cmt-stickycontact wpb_column cmt-column vc_column_container vc_col-sm-6 cmt-sboxcolum-shadow-box cmt-zindex-0\">\n\t<div class=\"vc_column-inner  cmt-col-bgcolor-white cmt-col-bgcolor-yes cmt-sboxresponsive-custom-44774539\">\n\t\t<div class=\"cmt-col-wrapper-bg-layer cmt-bg-layer cmt-bgimage-position-center_center\"><div class=\"cmt-bg-layer-inner\"><\/div><\/div>\t\t<div class=\"wpb_wrapper\">\n\t\t\t\n<div class=\"cmt-row-inner vc_row wpb_row vc_inner vc_row-fluid vc_custom_1602665213478 cmt-sboxresponsive-custom-48357071 cmt-zindex-0\">\n\t\n<div class=\"tm-sticky-form wpb_column cmt-column-inner vc_column_container vc_col-sm-12 cmt-zindex-0\">\n\t<div class=\"vc_column-inner\">\n\t\t \n\t\t<div class=\"wpb_wrapper\">\n\t\t\t<h2 style=\"text-align:center;font-size:28px;line-height:38px;\" class=\"cmt-custom-heading vc_custom_1615640623750\" >Write to Us<\/h2>\n<div role=\"form\" class=\"wpcf7\" id=\"wpcf7-f704-o1\" lang=\"en-US\" dir=\"ltr\">\n<div class=\"screen-reader-response\"><p role=\"status\" aria-live=\"polite\" aria-atomic=\"true\"><\/p> <ul><\/ul><\/div>\n<form action=\"\/en\/wp-json\/wp\/v2\/pages\/663#wpcf7-f704-o1\" method=\"post\" class=\"wpcf7-form init\" novalidate=\"novalidate\" data-status=\"init\" data-trp-original-action=\"\/en\/wp-json\/wp\/v2\/pages\/663#wpcf7-f704-o1\">\n<div style=\"display: none;\">\n<input type=\"hidden\" name=\"_wpcf7\" value=\"704\" \/>\n<input type=\"hidden\" name=\"_wpcf7_version\" value=\"5.6.3\" \/>\n<input type=\"hidden\" name=\"_wpcf7_locale\" value=\"en_US\" \/>\n<input type=\"hidden\" name=\"_wpcf7_unit_tag\" value=\"wpcf7-f704-o1\" \/>\n<input type=\"hidden\" name=\"_wpcf7_container_post\" value=\"0\" \/>\n<input type=\"hidden\" name=\"_wpcf7_posted_data_hash\" value=\"\" \/>\n<\/div>\n<div class=\"cmt-commonform cmt-form-style3\">\n<div class=\"row\">\n<div class=\"col-md-12\"><i class=\"themifyicon ti-user\"><\/i><span class=\"wpcf7-form-control-wrap\" data-name=\"text-576\"><input type=\"text\" name=\"text-576\" value=\"\" size=\"40\" class=\"wpcf7-form-control wpcf7-text wpcf7-validates-as-required\" aria-required=\"true\" aria-invalid=\"false\" placeholder=\"Your Name\" \/><\/span><\/div>\n<div class=\"col-md-12\"><i class=\"themifyicon ti-user\"><\/i><span class=\"wpcf7-form-control-wrap\" data-name=\"text-577\"><input type=\"text\" name=\"text-577\" value=\"\" size=\"40\" class=\"wpcf7-form-control wpcf7-text wpcf7-validates-as-required\" aria-required=\"true\" aria-invalid=\"false\" placeholder=\"Your Surname\" \/><\/span><\/div>\n<div class=\"col-md-12\"><i class=\"fa fa-paper-plane-o\"><\/i><span class=\"wpcf7-form-control-wrap\" data-name=\"your-email\"><input type=\"email\" name=\"your-email\" value=\"\" size=\"40\" class=\"wpcf7-form-control wpcf7-text wpcf7-email wpcf7-validates-as-required wpcf7-validates-as-email\" aria-required=\"true\" aria-invalid=\"false\" placeholder=\"Email\" \/><\/span><\/div>\n<div class=\"col-md-12\"><i class=\"themifyicon ti-mobile\"><\/i><span class=\"wpcf7-form-control-wrap\" data-name=\"tel-25\"><input type=\"text\" name=\"tel-25\" value=\"\" size=\"40\" class=\"wpcf7-form-control wpcf7-text wpcf7-validates-as-required\" aria-required=\"true\" aria-invalid=\"false\" placeholder=\"Phone Number\" \/><\/span><\/div>\n<div class=\"col-md-12\"><i class=\"fa fa-files-o\"><\/i><span class=\"wpcf7-form-control-wrap\" data-name=\"your-subject\"><input type=\"text\" name=\"your-subject\" value=\"\" size=\"40\" class=\"wpcf7-form-control wpcf7-text wpcf7-validates-as-required\" aria-required=\"true\" aria-invalid=\"false\" placeholder=\"Subject\" \/><\/span><\/div>\n<\/div>\n<div class=\"row\">\n<div class=\"col-md-12\"><i class=\"fa fa-pencil-square-o\"><\/i><span class=\"wpcf7-form-control-wrap\" data-name=\"textarea-211\"><textarea name=\"textarea-211\" cols=\"40\" rows=\"3\" class=\"wpcf7-form-control wpcf7-textarea wpcf7-validates-as-required\" aria-required=\"true\" aria-invalid=\"false\" placeholder=\"Your Message\"><\/textarea><\/span><\/div>\n<\/div>\n<div class=\"row\">\n<div class=\"checkbox-row1\"><span class=\"wpcf7-form-control-wrap\" data-name=\"default:\"><span class=\"wpcf7-form-control wpcf7-checkbox wpcf7-validates-as-required\"><span class=\"wpcf7-list-item first last\"><input type=\"checkbox\" name=\"default:[]\" value=\"Gizlilik Anla\u015fmas\u0131n\u0131 Kabul Ediyorum\" \/><span class=\"wpcf7-list-item-label\">I Agree to Privacy Policy<\/span><\/span><\/span><\/span><\/div>\n<\/div>\n<div class=\"row\">\n<div class=\"col-md-12\"><input type=\"submit\" value=\"Send\" class=\"wpcf7-form-control has-spinner wpcf7-submit cmt-vc_general cmt-vc_btn3 cmt-vc_btn3-shape-square cmt-vc_btn3-color-skincolor\" \/>\n<div class=\"wpcf7-response-output\" aria-hidden=\"true\"><\/div>\n<\/div>\n<\/div>\n<\/div>\n<input type=\"hidden\" name=\"trp-form-language\" value=\"en\"\/><\/form><\/div>\t\t<\/div>\n\t<\/div>\n<\/div>\n\n<\/div>\n\n\t\t<\/div>\n\t<\/div>\n<\/div>\n\n\n\n\t\t\n\t <\/div> <\/div>\n\n\n<div class=\"vc_row-full-width vc_clearfix\"><\/div>\n\n\n\n\n\n\n\n\n<div data-vc-full-width=\"true\" data-vc-full-width-init=\"false\" class=\"cmt-row wpb_row vc_row-fluid vc_custom_1609826332462 cmt-sboxresponsive-custom-68122429 vc_row-has-fill cmt-zindex-0 cmt-bgcolor-darkgrey cmt-bgimage-position-center_center cmt-bg cmt-bgimage-yes\">\n\n\t\t\t<div class=\"cmt-row-wrapper-bg-layer cmt-bg-layer\"><\/div><!-- CymolThemes custom DIV added -->\n\t\t\n\t <div class=\"vc_row container\"> \t\n\t\t\n\n<div class=\"wpb_column cmt-column vc_column_container vc_col-sm-12 cmt-zindex-0\">\n\t<div class=\"vc_column-inner vc_custom_1602500543377 cmt-textcolor-white\">\n\t\t\t\t<div class=\"wpb_wrapper\">\n\t\t\t<h2 style=\"text-align:center;font-size:26px;\" class=\"cmt-custom-heading cmt-fontweight-300\" >Satisfied International User Base<\/h2>\n<h2 style=\"text-align:center;font-size:47px;\" class=\"cmt-custom-heading cmt-reset-h2-font-responsive\" >Reliable and High Quality Service<\/h2>\n\n<div class=\"cmt-row-inner vc_row wpb_row vc_inner vc_row-fluid cmt-iconbox-inline767 vc_custom_1608961280952 break-991-colum cmt-zindex-0\">\n\t\n<div class=\"wpb_column cmt-column-inner vc_column_container vc_col-sm-3 cmt-zindex-0\">\n\t<div class=\"vc_column-inner\">\n\t\t \n\t\t<div class=\"wpb_wrapper\">\n\t\t\t\t\t<\/div>\n\t<\/div>\n<\/div>\n\n\n<div class=\"wpb_column cmt-column-inner vc_column_container vc_col-sm-3 vc_col-has-fill cmt-zindex-0\">\n\t<div class=\"vc_column-inner vc_custom_1608961523113 cmt-sboxresponsive-custom-84317919\">\n\t\t \n\t\t<div class=\"wpb_wrapper\">\n\t\t\t<div class=\"cmt-sbox cmt-sbox-iconalign-left-spacing cmt-sbox-bgcolor-transparent cmt-bgcolor-transparent cmt-sbox-textcolor- cmt-textcolor- cmt-sbox-isize-md cmt-sbox-isize-md cmt-sbox-istyle-none vc_custom_1616172132782 cmt-sbox-heading-only\"><section class=\"cmt-sboxvc_cta3-container\"><div class=\"cmt-vc_general cmt-sboxvc_cta3 cmt-sboxvc_cta3-align-left cmt-sboxvc_cta3-icon-size-md cmt-sboxvc_cta3-icons-left cmt-sboxvc_cta3-actions-no\"><div class=\"cmt-sboxvc_cta3-icons cmt-section-wrapper-cell\"><div class=\"cmt-vc_icon_element cmt-vc_icon_element-outer cmt-vc_icon_element-align-left\"><div class=\"cmt-vc_icon_element-inner  cmt-vc_icon_element-color-skincolor cmt-vc_icon_element-size-md cmt-vc_icon_element-style-none cmt-vc_icon_element-background-color-grey\" ><span class=\"cmt-vc_icon_element-icon fa fa-whatsapp\" ><\/span><\/div><\/div><\/div><div class=\"cmt-vc_cta3_content-container\"><div class=\"cmt-vc_cta3-content\"><div class=\"cmt-vc_cta3-content-header cmt-section-wrapper\"><div class=\"cmt-sboxvc_cta3-headers cmt-section-wrapper-cell\"><h2 class=\"cmt-custom-heading\" >WhatsApp<\/h2>\n<\/div><\/div><\/div><div class=\"cmt-sboxcta3-desc-btn-wrapper\"><div class=\"cmt-sboxcta3-description\"><div class=\"cmt-sboxcta3-content-wrapper\">\n<p style=\"line-height: 18px;\">+90 534 032 41 46<\/p>\n<p><\/div><\/div><\/div><\/div><\/div><\/section><\/div>\t\t<\/div>\n\t<\/div>\n<\/div>\n\n\n<div class=\"wpb_column cmt-column-inner vc_column_container vc_col-sm-4 cmt-zindex-0\">\n\t<div class=\"vc_column-inner vc_custom_1608961458521 cmt-sboxresponsive-custom-67798885\">\n\t\t \n\t\t<div class=\"wpb_wrapper\">\n\t\t\t<div class=\"cmt-sbox cmt-sbox-iconalign-left-spacing cmt-sbox-bgcolor-transparent cmt-bgcolor-transparent cmt-sbox-textcolor- cmt-textcolor- cmt-sbox-isize-md cmt-sbox-isize-md cmt-sbox-istyle-none vc_custom_1616172107043 cmt-sbox-heading-only\"><section class=\"cmt-sboxvc_cta3-container\"><div class=\"cmt-vc_general cmt-sboxvc_cta3 cmt-sboxvc_cta3-align-left cmt-sboxvc_cta3-icon-size-md cmt-sboxvc_cta3-icons-left cmt-sboxvc_cta3-actions-no\"><div class=\"cmt-sboxvc_cta3-icons cmt-section-wrapper-cell\"><div class=\"cmt-vc_icon_element cmt-vc_icon_element-outer cmt-vc_icon_element-align-left\"><div class=\"cmt-vc_icon_element-inner  cmt-vc_icon_element-color-skincolor cmt-vc_icon_element-size-md cmt-vc_icon_element-style-none cmt-vc_icon_element-background-color-grey\" ><span class=\"cmt-vc_icon_element-icon themifyicon ti-skype\" ><\/span><\/div><\/div><\/div><div class=\"cmt-vc_cta3_content-container\"><div class=\"cmt-vc_cta3-content\"><div class=\"cmt-vc_cta3-content-header cmt-section-wrapper\"><div class=\"cmt-sboxvc_cta3-headers cmt-section-wrapper-cell\"><h2 class=\"cmt-custom-heading\" >Our Skype Address<\/h2>\n<\/div><\/div><\/div><div class=\"cmt-sboxcta3-desc-btn-wrapper\"><div class=\"cmt-sboxcta3-description\"><div class=\"cmt-sboxcta3-content-wrapper\">\n<p style=\"line-height: 18px;\">@egeatilganendustriyel<\/p>\n<p><\/div><\/div><\/div><\/div><\/div><\/section><\/div>\t\t<\/div>\n\t<\/div>\n<\/div>\n\n\n<div class=\"wpb_column cmt-column-inner vc_column_container vc_col-sm-2 cmt-zindex-0\">\n\t<div class=\"vc_column-inner\">\n\t\t \n\t\t<div class=\"wpb_wrapper\">\n\t\t\t\t\t<\/div>\n\t<\/div>\n<\/div>\n\n<\/div>\n\n\t\t<\/div>\n\t<\/div>\n<\/div>\n\n\n\n\t\t\n\t <\/div> <\/div>\n\n\n<div class=\"vc_row-full-width vc_clearfix\"><\/div>","protected":false},"excerpt":{"rendered":"Ege At\u0131lgan End\u00fcstriyel Makina \u0130n\u015f.T\u00fct\u00fcn \u0130\u00e7 ve D\u0131\u015f Ticaret A.\u015e. Adres: \u0130bni Melek OSB Mah. Tosbi Yol 3. Sokak No:19\/1 Tire\/\u0130ZM\u0130R Bize Ula\u015f\u0131n: +90 534 032 4146 +90 232 512 6079 E-mail info@eaendustri.com.tr info@egeatilgan.com Youtube Kanal\u0131m\u0131z Yol Tarifi Al! Bize Yaz\u0131n Gizlilik Anla\u015fmas\u0131n\u0131 Kabul Ediyorum Uluslararas\u0131 alanda memnun kullan\u0131c\u0131 kitlesi G\u00fcvenilir ve Kaliteli Hizmet WhatsApp &hellip; <a href=\"https:\/\/www.endustriyel.egeatilgan.com\/en\/iletisim\/\" class=\"more-link\">Continue reading <span class=\"screen-reader-text\">Contact<\/span><\/a>","protected":false},"author":1,"featured_media":0,"parent":0,"menu_order":0,"comment_status":"closed","ping_status":"closed","template":"","meta":{"footnotes":""},"class_list":["post-663","page","type-page","status-publish","hentry"],"_links":{"self":[{"href":"https:\/\/www.endustriyel.egeatilgan.com\/en\/wp-json\/wp\/v2\/pages\/663","targetHints":{"allow":["GET"]}}],"collection":[{"href":"https:\/\/www.endustriyel.egeatilgan.com\/en\/wp-json\/wp\/v2\/pages"}],"about":[{"href":"https:\/\/www.endustriyel.egeatilgan.com\/en\/wp-json\/wp\/v2\/types\/page"}],"author":[{"embeddable":true,"href":"https:\/\/www.endustriyel.egeatilgan.com\/en\/wp-json\/wp\/v2\/users\/1"}],"replies":[{"embeddable":true,"href":"https:\/\/www.endustriyel.egeatilgan.com\/en\/wp-json\/wp\/v2\/comments?post=663"}],"version-history":[{"count":18,"href":"https:\/\/www.endustriyel.egeatilgan.com\/en\/wp-json\/wp\/v2\/pages\/663\/revisions"}],"predecessor-version":[{"id":4630,"href":"https:\/\/www.endustriyel.egeatilgan.com\/en\/wp-json\/wp\/v2\/pages\/663\/revisions\/4630"}],"wp:attachment":[{"href":"https:\/\/www.endustriyel.egeatilgan.com\/en\/wp-json\/wp\/v2\/media?parent=663"}],"curies":[{"name":"wp","href":"https:\/\/api.w.org\/{rel}","templated":true}]}}