{"id":658,"date":"2020-04-25T08:47:50","date_gmt":"2020-04-25T08:47:50","guid":{"rendered":"http:\/\/localhost\/shiftler\/?page_id=658"},"modified":"2021-04-05T19:25:44","modified_gmt":"2021-04-05T19:25:44","slug":"makasliakulu","status":"publish","type":"page","link":"https:\/\/www.endustriyel.egeatilgan.com\/en\/makasliakulu\/","title":{"rendered":"Battery Powered Scissor Lifts"},"content":{"rendered":"<div class=\"cmt-row wpb_row vc_row-fluid cmt-zindex-0 vc_row container cmt-bgimage-position-center_center\">\n\n\t\t\n\t\t\n\t\t\n\n<div class=\"wpb_column cmt-column vc_column_container vc_col-sm-4 cmt-zindex-0\">\n\t<div class=\"vc_column-inner\">\n\t\t\t\t<div class=\"wpb_wrapper\">\n\t\t\t\n\t<div  class=\"wpb_single_image wpb_content_element vc_align_left\">\n\t\t\n\t\t<figure class=\"wpb_wrapper vc_figure\">\n\t\t\t<a href=\"https:\/\/www.endustriyel.egeatilgan.com\/en\/portfolio\/ea-spml-06-akulu-makasli-platform\/\" target=\"_self\" class=\"vc_single_image-wrapper   vc_box_border_grey\"><img loading=\"lazy\" decoding=\"async\" width=\"2019\" height=\"1442\" src=\"https:\/\/www.endustriyel.egeatilgan.com\/wp-content\/uploads\/2021\/03\/Untitled-1-06-2.jpg\" class=\"vc_single_image-img attachment-full\" alt=\"\" srcset=\"https:\/\/www.endustriyel.egeatilgan.com\/wp-content\/uploads\/2021\/03\/Untitled-1-06-2.jpg 2019w, https:\/\/www.endustriyel.egeatilgan.com\/wp-content\/uploads\/2021\/03\/Untitled-1-06-2-300x214.jpg 300w, https:\/\/www.endustriyel.egeatilgan.com\/wp-content\/uploads\/2021\/03\/Untitled-1-06-2-1024x731.jpg 1024w, https:\/\/www.endustriyel.egeatilgan.com\/wp-content\/uploads\/2021\/03\/Untitled-1-06-2-768x549.jpg 768w, https:\/\/www.endustriyel.egeatilgan.com\/wp-content\/uploads\/2021\/03\/Untitled-1-06-2-1536x1097.jpg 1536w\" sizes=\"auto, (max-width: 2019px) 100vw, 2019px\" data-id=\"4438\" \/><\/a>\n\t\t<\/figure>\n\t<\/div>\n<div class=\"cmt-sbox cmt-sbox-iconalign-left-spacing cmt-sbox-bgcolor-transparent cmt-bgcolor-transparent cmt-sbox-textcolor- cmt-textcolor- cmt-sbox-isize-md cmt-sbox-isize-md cmt-sbox-istyle-none  cmt-sbox-heading-only\"><section class=\"cmt-sboxvc_cta3-container\"><div class=\"cmt-vc_general cmt-sboxvc_cta3 cmt-sboxvc_cta3-align-left cmt-sboxvc_cta3-icon-size-md cmt-sboxvc_cta3-icons-left cmt-sboxvc_cta3-actions-no\"><div class=\"cmt-sboxvc_cta3-icons cmt-section-wrapper-cell\"><div class=\"cmt-vc_icon_element cmt-vc_icon_element-outer cmt-vc_icon_element-align-left\"><div class=\"cmt-vc_icon_element-inner  cmt-vc_icon_element-color-skincolor cmt-vc_icon_element-size-md cmt-vc_icon_element-style-none cmt-vc_icon_element-background-color-grey\" ><span class=\"cmt-vc_icon_element-icon fa fa-angle-right\" ><\/span><\/div><\/div><\/div><div class=\"cmt-vc_cta3_content-container\"><div class=\"cmt-vc_cta3-content\"><div class=\"cmt-vc_cta3-content-header cmt-section-wrapper\"><div class=\"cmt-sboxvc_cta3-headers cmt-section-wrapper-cell\"><h2 class=\"cmt-custom-heading\" >EA SPML 06 Ak\u00fcl\u00fc Makasl\u0131 Platform<\/h2>\n<\/div><\/div><\/div><div class=\"cmt-sboxcta3-desc-btn-wrapper\"><div class=\"cmt-sboxcta3-description\"><\/div><\/div><\/div><\/div><\/section><\/div>\n\t<div  class=\"wpb_single_image wpb_content_element vc_align_left\">\n\t\t\n\t\t<figure class=\"wpb_wrapper vc_figure\">\n\t\t\t<a href=\"https:\/\/www.endustriyel.egeatilgan.com\/en\/portfolio\/ea-spml-12-akulu-makasli-platform\/\" target=\"_self\" class=\"vc_single_image-wrapper   vc_box_border_grey\"><img loading=\"lazy\" decoding=\"async\" width=\"2560\" height=\"1829\" src=\"https:\/\/www.endustriyel.egeatilgan.com\/wp-content\/uploads\/2021\/03\/Untitled-1-03-2-1-scaled.jpg\" class=\"vc_single_image-img attachment-full\" alt=\"\" srcset=\"https:\/\/www.endustriyel.egeatilgan.com\/wp-content\/uploads\/2021\/03\/Untitled-1-03-2-1-scaled.jpg 2560w, https:\/\/www.endustriyel.egeatilgan.com\/wp-content\/uploads\/2021\/03\/Untitled-1-03-2-1-300x214.jpg 300w, https:\/\/www.endustriyel.egeatilgan.com\/wp-content\/uploads\/2021\/03\/Untitled-1-03-2-1-1024x731.jpg 1024w, https:\/\/www.endustriyel.egeatilgan.com\/wp-content\/uploads\/2021\/03\/Untitled-1-03-2-1-768x549.jpg 768w, https:\/\/www.endustriyel.egeatilgan.com\/wp-content\/uploads\/2021\/03\/Untitled-1-03-2-1-1536x1097.jpg 1536w, https:\/\/www.endustriyel.egeatilgan.com\/wp-content\/uploads\/2021\/03\/Untitled-1-03-2-1-2048x1463.jpg 2048w\" sizes=\"auto, (max-width: 2560px) 100vw, 2560px\" data-id=\"4452\" \/><\/a>\n\t\t<\/figure>\n\t<\/div>\n<div class=\"cmt-sbox cmt-sbox-iconalign-left-spacing cmt-sbox-bgcolor-transparent cmt-bgcolor-transparent cmt-sbox-textcolor- cmt-textcolor- cmt-sbox-isize-md cmt-sbox-isize-md cmt-sbox-istyle-none  cmt-sbox-heading-only\"><section class=\"cmt-sboxvc_cta3-container\"><div class=\"cmt-vc_general cmt-sboxvc_cta3 cmt-sboxvc_cta3-align-left cmt-sboxvc_cta3-icon-size-md cmt-sboxvc_cta3-icons-left cmt-sboxvc_cta3-actions-no\"><div class=\"cmt-sboxvc_cta3-icons cmt-section-wrapper-cell\"><div class=\"cmt-vc_icon_element cmt-vc_icon_element-outer cmt-vc_icon_element-align-left\"><div class=\"cmt-vc_icon_element-inner  cmt-vc_icon_element-color-skincolor cmt-vc_icon_element-size-md cmt-vc_icon_element-style-none cmt-vc_icon_element-background-color-grey\" ><span class=\"cmt-vc_icon_element-icon fa fa-angle-right\" ><\/span><\/div><\/div><\/div><div class=\"cmt-vc_cta3_content-container\"><div class=\"cmt-vc_cta3-content\"><div class=\"cmt-vc_cta3-content-header cmt-section-wrapper\"><div class=\"cmt-sboxvc_cta3-headers cmt-section-wrapper-cell\"><h2 class=\"cmt-custom-heading\" >EA SPML 12 Ak\u00fcl\u00fc Makasl\u0131 Platform<\/h2>\n<\/div><\/div><\/div><div class=\"cmt-sboxcta3-desc-btn-wrapper\"><div class=\"cmt-sboxcta3-description\"><\/div><\/div><\/div><\/div><\/section><\/div>\t\t<\/div>\n\t<\/div>\n<\/div>\n\n\n\n\n\n<div class=\"wpb_column cmt-column vc_column_container vc_col-sm-4 cmt-zindex-0\">\n\t<div class=\"vc_column-inner\">\n\t\t\t\t<div class=\"wpb_wrapper\">\n\t\t\t\n\t<div  class=\"wpb_single_image wpb_content_element vc_align_left\">\n\t\t\n\t\t<figure class=\"wpb_wrapper vc_figure\">\n\t\t\t<a href=\"https:\/\/www.endustriyel.egeatilgan.com\/en\/portfolio\/ea-spml-08-akulu-makasli-platform\/\" target=\"_self\" class=\"vc_single_image-wrapper   vc_box_border_grey\"><img loading=\"lazy\" decoding=\"async\" width=\"2018\" height=\"1442\" src=\"https:\/\/www.endustriyel.egeatilgan.com\/wp-content\/uploads\/2021\/03\/Untitled-1-05-2.jpg\" class=\"vc_single_image-img attachment-full\" alt=\"\" srcset=\"https:\/\/www.endustriyel.egeatilgan.com\/wp-content\/uploads\/2021\/03\/Untitled-1-05-2.jpg 2018w, https:\/\/www.endustriyel.egeatilgan.com\/wp-content\/uploads\/2021\/03\/Untitled-1-05-2-300x214.jpg 300w, https:\/\/www.endustriyel.egeatilgan.com\/wp-content\/uploads\/2021\/03\/Untitled-1-05-2-1024x732.jpg 1024w, https:\/\/www.endustriyel.egeatilgan.com\/wp-content\/uploads\/2021\/03\/Untitled-1-05-2-768x549.jpg 768w, https:\/\/www.endustriyel.egeatilgan.com\/wp-content\/uploads\/2021\/03\/Untitled-1-05-2-1536x1098.jpg 1536w\" sizes=\"auto, (max-width: 2018px) 100vw, 2018px\" data-id=\"4437\" \/><\/a>\n\t\t<\/figure>\n\t<\/div>\n<div class=\"cmt-sbox cmt-sbox-iconalign-left-spacing cmt-sbox-bgcolor-transparent cmt-bgcolor-transparent cmt-sbox-textcolor- cmt-textcolor- cmt-sbox-isize-md cmt-sbox-isize-md cmt-sbox-istyle-none  cmt-sbox-heading-only\"><section class=\"cmt-sboxvc_cta3-container\"><div class=\"cmt-vc_general cmt-sboxvc_cta3 cmt-sboxvc_cta3-align-left cmt-sboxvc_cta3-icon-size-md cmt-sboxvc_cta3-icons-left cmt-sboxvc_cta3-actions-no\"><div class=\"cmt-sboxvc_cta3-icons cmt-section-wrapper-cell\"><div class=\"cmt-vc_icon_element cmt-vc_icon_element-outer cmt-vc_icon_element-align-left\"><div class=\"cmt-vc_icon_element-inner  cmt-vc_icon_element-color-skincolor cmt-vc_icon_element-size-md cmt-vc_icon_element-style-none cmt-vc_icon_element-background-color-grey\" ><span class=\"cmt-vc_icon_element-icon fa fa-angle-right\" ><\/span><\/div><\/div><\/div><div class=\"cmt-vc_cta3_content-container\"><div class=\"cmt-vc_cta3-content\"><div class=\"cmt-vc_cta3-content-header cmt-section-wrapper\"><div class=\"cmt-sboxvc_cta3-headers cmt-section-wrapper-cell\"><h2 class=\"cmt-custom-heading\" >EA SPML 08 Ak\u00fcl\u00fc Makasl\u0131 Platform<\/h2>\n<\/div><\/div><\/div><div class=\"cmt-sboxcta3-desc-btn-wrapper\"><div class=\"cmt-sboxcta3-description\"><\/div><\/div><\/div><\/div><\/section><\/div>\n\t<div  class=\"wpb_single_image wpb_content_element vc_align_left\">\n\t\t\n\t\t<figure class=\"wpb_wrapper vc_figure\">\n\t\t\t<a href=\"https:\/\/www.endustriyel.egeatilgan.com\/en\/portfolio\/ea-spml-14-akulu-makasli-platform\/\" target=\"_self\" class=\"vc_single_image-wrapper   vc_box_border_grey\"><img loading=\"lazy\" decoding=\"async\" width=\"2560\" height=\"1829\" src=\"https:\/\/www.endustriyel.egeatilgan.com\/wp-content\/uploads\/2021\/03\/Untitled-1-02-2-1-scaled.jpg\" class=\"vc_single_image-img attachment-full\" alt=\"\" srcset=\"https:\/\/www.endustriyel.egeatilgan.com\/wp-content\/uploads\/2021\/03\/Untitled-1-02-2-1-scaled.jpg 2560w, https:\/\/www.endustriyel.egeatilgan.com\/wp-content\/uploads\/2021\/03\/Untitled-1-02-2-1-300x214.jpg 300w, https:\/\/www.endustriyel.egeatilgan.com\/wp-content\/uploads\/2021\/03\/Untitled-1-02-2-1-1024x731.jpg 1024w, https:\/\/www.endustriyel.egeatilgan.com\/wp-content\/uploads\/2021\/03\/Untitled-1-02-2-1-768x549.jpg 768w, https:\/\/www.endustriyel.egeatilgan.com\/wp-content\/uploads\/2021\/03\/Untitled-1-02-2-1-1536x1097.jpg 1536w, https:\/\/www.endustriyel.egeatilgan.com\/wp-content\/uploads\/2021\/03\/Untitled-1-02-2-1-2048x1463.jpg 2048w\" sizes=\"auto, (max-width: 2560px) 100vw, 2560px\" data-id=\"4451\" \/><\/a>\n\t\t<\/figure>\n\t<\/div>\n<div class=\"cmt-sbox cmt-sbox-iconalign-left-spacing cmt-sbox-bgcolor-transparent cmt-bgcolor-transparent cmt-sbox-textcolor- cmt-textcolor- cmt-sbox-isize-md cmt-sbox-isize-md cmt-sbox-istyle-none  cmt-sbox-heading-only\"><section class=\"cmt-sboxvc_cta3-container\"><div class=\"cmt-vc_general cmt-sboxvc_cta3 cmt-sboxvc_cta3-align-left cmt-sboxvc_cta3-icon-size-md cmt-sboxvc_cta3-icons-left cmt-sboxvc_cta3-actions-no\"><div class=\"cmt-sboxvc_cta3-icons cmt-section-wrapper-cell\"><div class=\"cmt-vc_icon_element cmt-vc_icon_element-outer cmt-vc_icon_element-align-left\"><div class=\"cmt-vc_icon_element-inner  cmt-vc_icon_element-color-skincolor cmt-vc_icon_element-size-md cmt-vc_icon_element-style-none cmt-vc_icon_element-background-color-grey\" ><span class=\"cmt-vc_icon_element-icon fa fa-angle-right\" ><\/span><\/div><\/div><\/div><div class=\"cmt-vc_cta3_content-container\"><div class=\"cmt-vc_cta3-content\"><div class=\"cmt-vc_cta3-content-header cmt-section-wrapper\"><div class=\"cmt-sboxvc_cta3-headers cmt-section-wrapper-cell\"><h2 class=\"cmt-custom-heading\" >EA SPML 14 Ak\u00fcl\u00fc Makasl\u0131 Platform<\/h2>\n<\/div><\/div><\/div><div class=\"cmt-sboxcta3-desc-btn-wrapper\"><div class=\"cmt-sboxcta3-description\"><\/div><\/div><\/div><\/div><\/section><\/div>\t\t<\/div>\n\t<\/div>\n<\/div>\n\n\n\n\n\n<div class=\"wpb_column cmt-column vc_column_container vc_col-sm-4 cmt-zindex-0\">\n\t<div class=\"vc_column-inner\">\n\t\t\t\t<div class=\"wpb_wrapper\">\n\t\t\t\n\t<div  class=\"wpb_single_image wpb_content_element vc_align_left\">\n\t\t\n\t\t<figure class=\"wpb_wrapper vc_figure\">\n\t\t\t<a href=\"https:\/\/www.endustriyel.egeatilgan.com\/en\/portfolio\/ea-spml-10-akulu-makasli-platform\/\" target=\"_self\" class=\"vc_single_image-wrapper   vc_box_border_grey\"><img loading=\"lazy\" decoding=\"async\" width=\"2018\" height=\"1442\" src=\"https:\/\/www.endustriyel.egeatilgan.com\/wp-content\/uploads\/2021\/03\/Untitled-1-04-2.jpg\" class=\"vc_single_image-img attachment-full\" alt=\"\" srcset=\"https:\/\/www.endustriyel.egeatilgan.com\/wp-content\/uploads\/2021\/03\/Untitled-1-04-2.jpg 2018w, https:\/\/www.endustriyel.egeatilgan.com\/wp-content\/uploads\/2021\/03\/Untitled-1-04-2-300x214.jpg 300w, https:\/\/www.endustriyel.egeatilgan.com\/wp-content\/uploads\/2021\/03\/Untitled-1-04-2-1024x732.jpg 1024w, https:\/\/www.endustriyel.egeatilgan.com\/wp-content\/uploads\/2021\/03\/Untitled-1-04-2-768x549.jpg 768w, https:\/\/www.endustriyel.egeatilgan.com\/wp-content\/uploads\/2021\/03\/Untitled-1-04-2-1536x1098.jpg 1536w\" sizes=\"auto, (max-width: 2018px) 100vw, 2018px\" data-id=\"4436\" \/><\/a>\n\t\t<\/figure>\n\t<\/div>\n<div class=\"cmt-sbox cmt-sbox-iconalign-left-spacing cmt-sbox-bgcolor-transparent cmt-bgcolor-transparent cmt-sbox-textcolor- cmt-textcolor- cmt-sbox-isize-md cmt-sbox-isize-md cmt-sbox-istyle-none  cmt-sbox-heading-only\"><section class=\"cmt-sboxvc_cta3-container\"><div class=\"cmt-vc_general cmt-sboxvc_cta3 cmt-sboxvc_cta3-align-left cmt-sboxvc_cta3-icon-size-md cmt-sboxvc_cta3-icons-left cmt-sboxvc_cta3-actions-no\"><div class=\"cmt-sboxvc_cta3-icons cmt-section-wrapper-cell\"><div class=\"cmt-vc_icon_element cmt-vc_icon_element-outer cmt-vc_icon_element-align-left\"><div class=\"cmt-vc_icon_element-inner  cmt-vc_icon_element-color-skincolor cmt-vc_icon_element-size-md cmt-vc_icon_element-style-none cmt-vc_icon_element-background-color-grey\" ><span class=\"cmt-vc_icon_element-icon fa fa-angle-right\" ><\/span><\/div><\/div><\/div><div class=\"cmt-vc_cta3_content-container\"><div class=\"cmt-vc_cta3-content\"><div class=\"cmt-vc_cta3-content-header cmt-section-wrapper\"><div class=\"cmt-sboxvc_cta3-headers cmt-section-wrapper-cell\"><h2 class=\"cmt-custom-heading\" >EA SPML 10 Ak\u00fcl\u00fc Makasl\u0131 Platform<\/h2>\n<\/div><\/div><\/div><div class=\"cmt-sboxcta3-desc-btn-wrapper\"><div class=\"cmt-sboxcta3-description\"><\/div><\/div><\/div><\/div><\/section><\/div>\n\t<div  class=\"wpb_single_image wpb_content_element vc_align_left\">\n\t\t\n\t\t<figure class=\"wpb_wrapper vc_figure\">\n\t\t\t<a href=\"https:\/\/www.endustriyel.egeatilgan.com\/en\/portfolio\/ea-spml-16-akulu-makasli-platform\/\" target=\"_self\" class=\"vc_single_image-wrapper   vc_box_border_grey\"><img loading=\"lazy\" decoding=\"async\" width=\"2560\" height=\"1829\" src=\"https:\/\/www.endustriyel.egeatilgan.com\/wp-content\/uploads\/2021\/03\/Untitled-1-01-2-1-scaled.jpg\" class=\"vc_single_image-img attachment-full\" alt=\"\" srcset=\"https:\/\/www.endustriyel.egeatilgan.com\/wp-content\/uploads\/2021\/03\/Untitled-1-01-2-1-scaled.jpg 2560w, https:\/\/www.endustriyel.egeatilgan.com\/wp-content\/uploads\/2021\/03\/Untitled-1-01-2-1-300x214.jpg 300w, https:\/\/www.endustriyel.egeatilgan.com\/wp-content\/uploads\/2021\/03\/Untitled-1-01-2-1-1024x731.jpg 1024w, https:\/\/www.endustriyel.egeatilgan.com\/wp-content\/uploads\/2021\/03\/Untitled-1-01-2-1-768x549.jpg 768w, https:\/\/www.endustriyel.egeatilgan.com\/wp-content\/uploads\/2021\/03\/Untitled-1-01-2-1-1536x1097.jpg 1536w, https:\/\/www.endustriyel.egeatilgan.com\/wp-content\/uploads\/2021\/03\/Untitled-1-01-2-1-2048x1463.jpg 2048w\" sizes=\"auto, (max-width: 2560px) 100vw, 2560px\" data-id=\"4450\" \/><\/a>\n\t\t<\/figure>\n\t<\/div>\n<div class=\"cmt-sbox cmt-sbox-iconalign-left-spacing cmt-sbox-bgcolor-transparent cmt-bgcolor-transparent cmt-sbox-textcolor- cmt-textcolor- cmt-sbox-isize-md cmt-sbox-isize-md cmt-sbox-istyle-none  cmt-sbox-heading-only\"><section class=\"cmt-sboxvc_cta3-container\"><div class=\"cmt-vc_general cmt-sboxvc_cta3 cmt-sboxvc_cta3-align-left cmt-sboxvc_cta3-icon-size-md cmt-sboxvc_cta3-icons-left cmt-sboxvc_cta3-actions-no\"><div class=\"cmt-sboxvc_cta3-icons cmt-section-wrapper-cell\"><div class=\"cmt-vc_icon_element cmt-vc_icon_element-outer cmt-vc_icon_element-align-left\"><div class=\"cmt-vc_icon_element-inner  cmt-vc_icon_element-color-skincolor cmt-vc_icon_element-size-md cmt-vc_icon_element-style-none cmt-vc_icon_element-background-color-grey\" ><span class=\"cmt-vc_icon_element-icon fa fa-angle-right\" ><\/span><\/div><\/div><\/div><div class=\"cmt-vc_cta3_content-container\"><div class=\"cmt-vc_cta3-content\"><div class=\"cmt-vc_cta3-content-header cmt-section-wrapper\"><div class=\"cmt-sboxvc_cta3-headers cmt-section-wrapper-cell\"><h2 class=\"cmt-custom-heading\" >EA SPML 16 Ak\u00fcl\u00fc Makasl\u0131 Platform<\/h2>\n<\/div><\/div><\/div><div class=\"cmt-sboxcta3-desc-btn-wrapper\"><div class=\"cmt-sboxcta3-description\"><\/div><\/div><\/div><\/div><\/section><\/div>\t\t<\/div>\n\t<\/div>\n<\/div>\n\n\n\n\t\t\n\t<\/div>","protected":false},"excerpt":{"rendered":"EA SPML 06 Ak\u00fcl\u00fc Makasl\u0131 Platform EA SPML 12 Ak\u00fcl\u00fc Makasl\u0131 Platform EA SPML 08 Ak\u00fcl\u00fc Makasl\u0131 Platform EA SPML 14 Ak\u00fcl\u00fc Makasl\u0131 Platform EA SPML 10 Ak\u00fcl\u00fc Makasl\u0131 Platform EA SPML 16 Ak\u00fcl\u00fc Makasl\u0131 Platform","protected":false},"author":1,"featured_media":0,"parent":0,"menu_order":0,"comment_status":"closed","ping_status":"closed","template":"","meta":{"footnotes":""},"class_list":["post-658","page","type-page","status-publish","hentry"],"_links":{"self":[{"href":"https:\/\/www.endustriyel.egeatilgan.com\/en\/wp-json\/wp\/v2\/pages\/658","targetHints":{"allow":["GET"]}}],"collection":[{"href":"https:\/\/www.endustriyel.egeatilgan.com\/en\/wp-json\/wp\/v2\/pages"}],"about":[{"href":"https:\/\/www.endustriyel.egeatilgan.com\/en\/wp-json\/wp\/v2\/types\/page"}],"author":[{"embeddable":true,"href":"https:\/\/www.endustriyel.egeatilgan.com\/en\/wp-json\/wp\/v2\/users\/1"}],"replies":[{"embeddable":true,"href":"https:\/\/www.endustriyel.egeatilgan.com\/en\/wp-json\/wp\/v2\/comments?post=658"}],"version-history":[{"count":33,"href":"https:\/\/www.endustriyel.egeatilgan.com\/en\/wp-json\/wp\/v2\/pages\/658\/revisions"}],"predecessor-version":[{"id":4593,"href":"https:\/\/www.endustriyel.egeatilgan.com\/en\/wp-json\/wp\/v2\/pages\/658\/revisions\/4593"}],"wp:attachment":[{"href":"https:\/\/www.endustriyel.egeatilgan.com\/en\/wp-json\/wp\/v2\/media?parent=658"}],"curies":[{"name":"wp","href":"https:\/\/api.w.org\/{rel}","templated":true}]}}