{"id":4363,"date":"2021-03-19T19:46:39","date_gmt":"2021-03-19T19:46:39","guid":{"rendered":"https:\/\/www.endustriyel.egeatilgan.com\/?page_id=4363"},"modified":"2021-04-03T10:37:49","modified_gmt":"2021-04-03T10:37:49","slug":"makaslicekilebilir","status":"publish","type":"page","link":"https:\/\/www.endustriyel.egeatilgan.com\/en\/makaslicekilebilir\/","title":{"rendered":"Towable Scissor Lifts"},"content":{"rendered":"<div class=\"cmt-row wpb_row vc_row-fluid cmt-zindex-0 vc_row container cmt-bgimage-position-center_center\">\n\n\t\t\n\t\t\n\t\t\n\n<div class=\"wpb_column cmt-column vc_column_container vc_col-sm-4 cmt-zindex-0\">\n\t<div class=\"vc_column-inner\">\n\t\t\t\t<div class=\"wpb_wrapper\">\n\t\t\t\n\t<div  class=\"wpb_single_image wpb_content_element vc_align_left\">\n\t\t\n\t\t<figure class=\"wpb_wrapper vc_figure\">\n\t\t\t<a href=\"https:\/\/www.endustriyel.egeatilgan.com\/en\/portfolio\/ea-mp-06-cekilebilir-makasli-platform\/\" target=\"_self\" class=\"vc_single_image-wrapper   vc_box_border_grey\"><img loading=\"lazy\" decoding=\"async\" width=\"2560\" height=\"1829\" src=\"https:\/\/www.endustriyel.egeatilgan.com\/wp-content\/uploads\/2021\/03\/cekilebilir-12-scaled.jpg\" class=\"vc_single_image-img attachment-full\" alt=\"\" srcset=\"https:\/\/www.endustriyel.egeatilgan.com\/wp-content\/uploads\/2021\/03\/cekilebilir-12-scaled.jpg 2560w, https:\/\/www.endustriyel.egeatilgan.com\/wp-content\/uploads\/2021\/03\/cekilebilir-12-300x214.jpg 300w, https:\/\/www.endustriyel.egeatilgan.com\/wp-content\/uploads\/2021\/03\/cekilebilir-12-1024x731.jpg 1024w, https:\/\/www.endustriyel.egeatilgan.com\/wp-content\/uploads\/2021\/03\/cekilebilir-12-768x549.jpg 768w, https:\/\/www.endustriyel.egeatilgan.com\/wp-content\/uploads\/2021\/03\/cekilebilir-12-1536x1097.jpg 1536w, https:\/\/www.endustriyel.egeatilgan.com\/wp-content\/uploads\/2021\/03\/cekilebilir-12-2048x1463.jpg 2048w\" sizes=\"auto, (max-width: 2560px) 100vw, 2560px\" data-id=\"4447\" \/><\/a>\n\t\t<\/figure>\n\t<\/div>\n<div class=\"cmt-sbox cmt-sbox-iconalign-left-spacing cmt-sbox-bgcolor-transparent cmt-bgcolor-transparent cmt-sbox-textcolor- cmt-textcolor- cmt-sbox-isize-md cmt-sbox-isize-md cmt-sbox-istyle-none  cmt-sbox-heading-only\"><section class=\"cmt-sboxvc_cta3-container\"><div class=\"cmt-vc_general cmt-sboxvc_cta3 cmt-sboxvc_cta3-align-left cmt-sboxvc_cta3-icon-size-md cmt-sboxvc_cta3-icons-left cmt-sboxvc_cta3-actions-no\"><div class=\"cmt-sboxvc_cta3-icons cmt-section-wrapper-cell\"><div class=\"cmt-vc_icon_element cmt-vc_icon_element-outer cmt-vc_icon_element-align-left\"><div class=\"cmt-vc_icon_element-inner  cmt-vc_icon_element-color-skincolor cmt-vc_icon_element-size-md cmt-vc_icon_element-style-none cmt-vc_icon_element-background-color-grey\" ><span class=\"cmt-vc_icon_element-icon fa fa-angle-right\" ><\/span><\/div><\/div><\/div><div class=\"cmt-vc_cta3_content-container\"><div class=\"cmt-vc_cta3-content\"><div class=\"cmt-vc_cta3-content-header cmt-section-wrapper\"><div class=\"cmt-sboxvc_cta3-headers cmt-section-wrapper-cell\"><h2 class=\"cmt-custom-heading\" >EA MP 06 \u00c7ekilebilir Makasl\u0131 Platform<\/h2>\n<\/div><\/div><\/div><div class=\"cmt-sboxcta3-desc-btn-wrapper\"><div class=\"cmt-sboxcta3-description\"><\/div><\/div><\/div><\/div><\/section><\/div>\n\t<div  class=\"wpb_single_image wpb_content_element vc_align_left\">\n\t\t\n\t\t<figure class=\"wpb_wrapper vc_figure\">\n\t\t\t<a href=\"https:\/\/www.endustriyel.egeatilgan.com\/en\/portfolio\/ea-mp-12-cekilebilir-makasli-platform\/\" target=\"_self\" class=\"vc_single_image-wrapper   vc_box_border_grey\"><img loading=\"lazy\" decoding=\"async\" width=\"2560\" height=\"1829\" src=\"https:\/\/www.endustriyel.egeatilgan.com\/wp-content\/uploads\/2021\/03\/cekilebilir-09-scaled.jpg\" class=\"vc_single_image-img attachment-full\" alt=\"\" srcset=\"https:\/\/www.endustriyel.egeatilgan.com\/wp-content\/uploads\/2021\/03\/cekilebilir-09-scaled.jpg 2560w, https:\/\/www.endustriyel.egeatilgan.com\/wp-content\/uploads\/2021\/03\/cekilebilir-09-300x214.jpg 300w, https:\/\/www.endustriyel.egeatilgan.com\/wp-content\/uploads\/2021\/03\/cekilebilir-09-1024x731.jpg 1024w, https:\/\/www.endustriyel.egeatilgan.com\/wp-content\/uploads\/2021\/03\/cekilebilir-09-768x549.jpg 768w, https:\/\/www.endustriyel.egeatilgan.com\/wp-content\/uploads\/2021\/03\/cekilebilir-09-1536x1097.jpg 1536w, https:\/\/www.endustriyel.egeatilgan.com\/wp-content\/uploads\/2021\/03\/cekilebilir-09-2048x1463.jpg 2048w\" sizes=\"auto, (max-width: 2560px) 100vw, 2560px\" data-id=\"4444\" \/><\/a>\n\t\t<\/figure>\n\t<\/div>\n<div class=\"cmt-sbox cmt-sbox-iconalign-left-spacing cmt-sbox-bgcolor-transparent cmt-bgcolor-transparent cmt-sbox-textcolor- cmt-textcolor- cmt-sbox-isize-md cmt-sbox-isize-md cmt-sbox-istyle-none  cmt-sbox-heading-only\"><section class=\"cmt-sboxvc_cta3-container\"><div class=\"cmt-vc_general cmt-sboxvc_cta3 cmt-sboxvc_cta3-align-left cmt-sboxvc_cta3-icon-size-md cmt-sboxvc_cta3-icons-left cmt-sboxvc_cta3-actions-no\"><div class=\"cmt-sboxvc_cta3-icons cmt-section-wrapper-cell\"><div class=\"cmt-vc_icon_element cmt-vc_icon_element-outer cmt-vc_icon_element-align-left\"><div class=\"cmt-vc_icon_element-inner  cmt-vc_icon_element-color-skincolor cmt-vc_icon_element-size-md cmt-vc_icon_element-style-none cmt-vc_icon_element-background-color-grey\" ><span class=\"cmt-vc_icon_element-icon fa fa-angle-right\" ><\/span><\/div><\/div><\/div><div class=\"cmt-vc_cta3_content-container\"><div class=\"cmt-vc_cta3-content\"><div class=\"cmt-vc_cta3-content-header cmt-section-wrapper\"><div class=\"cmt-sboxvc_cta3-headers cmt-section-wrapper-cell\"><h2 class=\"cmt-custom-heading\" >EA MP 12 \u00c7ekilebilir Makasl\u0131 Platform<\/h2>\n<\/div><\/div><\/div><div class=\"cmt-sboxcta3-desc-btn-wrapper\"><div class=\"cmt-sboxcta3-description\"><\/div><\/div><\/div><\/div><\/section><\/div>\t\t<\/div>\n\t<\/div>\n<\/div>\n\n\n\n\n\n<div class=\"wpb_column cmt-column vc_column_container vc_col-sm-4 cmt-zindex-0\">\n\t<div class=\"vc_column-inner\">\n\t\t\t\t<div class=\"wpb_wrapper\">\n\t\t\t\n\t<div  class=\"wpb_single_image wpb_content_element vc_align_left\">\n\t\t\n\t\t<figure class=\"wpb_wrapper vc_figure\">\n\t\t\t<a href=\"https:\/\/www.endustriyel.egeatilgan.com\/en\/portfolio\/ea-mp-08-cekilebilir-makasli-platform\/\" target=\"_self\" class=\"vc_single_image-wrapper   vc_box_border_grey\"><img loading=\"lazy\" decoding=\"async\" width=\"2560\" height=\"1829\" src=\"https:\/\/www.endustriyel.egeatilgan.com\/wp-content\/uploads\/2021\/03\/cekilebilir-11-scaled.jpg\" class=\"vc_single_image-img attachment-full\" alt=\"\" srcset=\"https:\/\/www.endustriyel.egeatilgan.com\/wp-content\/uploads\/2021\/03\/cekilebilir-11-scaled.jpg 2560w, https:\/\/www.endustriyel.egeatilgan.com\/wp-content\/uploads\/2021\/03\/cekilebilir-11-300x214.jpg 300w, https:\/\/www.endustriyel.egeatilgan.com\/wp-content\/uploads\/2021\/03\/cekilebilir-11-1024x732.jpg 1024w, https:\/\/www.endustriyel.egeatilgan.com\/wp-content\/uploads\/2021\/03\/cekilebilir-11-768x549.jpg 768w, https:\/\/www.endustriyel.egeatilgan.com\/wp-content\/uploads\/2021\/03\/cekilebilir-11-1536x1097.jpg 1536w, https:\/\/www.endustriyel.egeatilgan.com\/wp-content\/uploads\/2021\/03\/cekilebilir-11-2048x1463.jpg 2048w\" sizes=\"auto, (max-width: 2560px) 100vw, 2560px\" data-id=\"4446\" \/><\/a>\n\t\t<\/figure>\n\t<\/div>\n<div class=\"cmt-sbox cmt-sbox-iconalign-left-spacing cmt-sbox-bgcolor-transparent cmt-bgcolor-transparent cmt-sbox-textcolor- cmt-textcolor- cmt-sbox-isize-md cmt-sbox-isize-md cmt-sbox-istyle-none  cmt-sbox-heading-only\"><section class=\"cmt-sboxvc_cta3-container\"><div class=\"cmt-vc_general cmt-sboxvc_cta3 cmt-sboxvc_cta3-align-left cmt-sboxvc_cta3-icon-size-md cmt-sboxvc_cta3-icons-left cmt-sboxvc_cta3-actions-no\"><div class=\"cmt-sboxvc_cta3-icons cmt-section-wrapper-cell\"><div class=\"cmt-vc_icon_element cmt-vc_icon_element-outer cmt-vc_icon_element-align-left\"><div class=\"cmt-vc_icon_element-inner  cmt-vc_icon_element-color-skincolor cmt-vc_icon_element-size-md cmt-vc_icon_element-style-none cmt-vc_icon_element-background-color-grey\" ><span class=\"cmt-vc_icon_element-icon fa fa-angle-right\" ><\/span><\/div><\/div><\/div><div class=\"cmt-vc_cta3_content-container\"><div class=\"cmt-vc_cta3-content\"><div class=\"cmt-vc_cta3-content-header cmt-section-wrapper\"><div class=\"cmt-sboxvc_cta3-headers cmt-section-wrapper-cell\"><h2 class=\"cmt-custom-heading\" >EA MP 08 \u00c7ekilebilir Makasl\u0131 Platform<\/h2>\n<\/div><\/div><\/div><div class=\"cmt-sboxcta3-desc-btn-wrapper\"><div class=\"cmt-sboxcta3-description\"><\/div><\/div><\/div><\/div><\/section><\/div>\n\t<div  class=\"wpb_single_image wpb_content_element vc_align_left\">\n\t\t\n\t\t<figure class=\"wpb_wrapper vc_figure\">\n\t\t\t<a href=\"https:\/\/www.endustriyel.egeatilgan.com\/en\/portfolio\/ea-mp-14-cekilebilir-makasli-platform\/\" target=\"_self\" class=\"vc_single_image-wrapper   vc_box_border_grey\"><img loading=\"lazy\" decoding=\"async\" width=\"2560\" height=\"1829\" src=\"https:\/\/www.endustriyel.egeatilgan.com\/wp-content\/uploads\/2021\/03\/cekilebilir-08-scaled.jpg\" class=\"vc_single_image-img attachment-full\" alt=\"\" srcset=\"https:\/\/www.endustriyel.egeatilgan.com\/wp-content\/uploads\/2021\/03\/cekilebilir-08-scaled.jpg 2560w, https:\/\/www.endustriyel.egeatilgan.com\/wp-content\/uploads\/2021\/03\/cekilebilir-08-300x214.jpg 300w, https:\/\/www.endustriyel.egeatilgan.com\/wp-content\/uploads\/2021\/03\/cekilebilir-08-1024x731.jpg 1024w, https:\/\/www.endustriyel.egeatilgan.com\/wp-content\/uploads\/2021\/03\/cekilebilir-08-768x549.jpg 768w, https:\/\/www.endustriyel.egeatilgan.com\/wp-content\/uploads\/2021\/03\/cekilebilir-08-1536x1097.jpg 1536w, https:\/\/www.endustriyel.egeatilgan.com\/wp-content\/uploads\/2021\/03\/cekilebilir-08-2048x1463.jpg 2048w\" sizes=\"auto, (max-width: 2560px) 100vw, 2560px\" data-id=\"4443\" \/><\/a>\n\t\t<\/figure>\n\t<\/div>\n<div class=\"cmt-sbox cmt-sbox-iconalign-left-spacing cmt-sbox-bgcolor-transparent cmt-bgcolor-transparent cmt-sbox-textcolor- cmt-textcolor- cmt-sbox-isize-md cmt-sbox-isize-md cmt-sbox-istyle-none  cmt-sbox-heading-only\"><section class=\"cmt-sboxvc_cta3-container\"><div class=\"cmt-vc_general cmt-sboxvc_cta3 cmt-sboxvc_cta3-align-left cmt-sboxvc_cta3-icon-size-md cmt-sboxvc_cta3-icons-left cmt-sboxvc_cta3-actions-no\"><div class=\"cmt-sboxvc_cta3-icons cmt-section-wrapper-cell\"><div class=\"cmt-vc_icon_element cmt-vc_icon_element-outer cmt-vc_icon_element-align-left\"><div class=\"cmt-vc_icon_element-inner  cmt-vc_icon_element-color-skincolor cmt-vc_icon_element-size-md cmt-vc_icon_element-style-none cmt-vc_icon_element-background-color-grey\" ><span class=\"cmt-vc_icon_element-icon fa fa-angle-right\" ><\/span><\/div><\/div><\/div><div class=\"cmt-vc_cta3_content-container\"><div class=\"cmt-vc_cta3-content\"><div class=\"cmt-vc_cta3-content-header cmt-section-wrapper\"><div class=\"cmt-sboxvc_cta3-headers cmt-section-wrapper-cell\"><h2 class=\"cmt-custom-heading\" >EA MP 14 \u00c7ekilebilir Makasl\u0131 Platform<\/h2>\n<\/div><\/div><\/div><div class=\"cmt-sboxcta3-desc-btn-wrapper\"><div class=\"cmt-sboxcta3-description\"><\/div><\/div><\/div><\/div><\/section><\/div>\t\t<\/div>\n\t<\/div>\n<\/div>\n\n\n\n\n\n<div class=\"wpb_column cmt-column vc_column_container vc_col-sm-4 cmt-zindex-0\">\n\t<div class=\"vc_column-inner\">\n\t\t\t\t<div class=\"wpb_wrapper\">\n\t\t\t\n\t<div  class=\"wpb_single_image wpb_content_element vc_align_left\">\n\t\t\n\t\t<figure class=\"wpb_wrapper vc_figure\">\n\t\t\t<a href=\"https:\/\/www.endustriyel.egeatilgan.com\/en\/portfolio\/ea-mp-10-cekilebilir-makasli-platform\/\" target=\"_self\" class=\"vc_single_image-wrapper   vc_box_border_grey\"><img loading=\"lazy\" decoding=\"async\" width=\"2560\" height=\"1829\" src=\"https:\/\/www.endustriyel.egeatilgan.com\/wp-content\/uploads\/2021\/03\/cekilebilir-10-scaled.jpg\" class=\"vc_single_image-img attachment-full\" alt=\"\" srcset=\"https:\/\/www.endustriyel.egeatilgan.com\/wp-content\/uploads\/2021\/03\/cekilebilir-10-scaled.jpg 2560w, https:\/\/www.endustriyel.egeatilgan.com\/wp-content\/uploads\/2021\/03\/cekilebilir-10-300x214.jpg 300w, https:\/\/www.endustriyel.egeatilgan.com\/wp-content\/uploads\/2021\/03\/cekilebilir-10-1024x732.jpg 1024w, https:\/\/www.endustriyel.egeatilgan.com\/wp-content\/uploads\/2021\/03\/cekilebilir-10-768x549.jpg 768w, https:\/\/www.endustriyel.egeatilgan.com\/wp-content\/uploads\/2021\/03\/cekilebilir-10-1536x1097.jpg 1536w, https:\/\/www.endustriyel.egeatilgan.com\/wp-content\/uploads\/2021\/03\/cekilebilir-10-2048x1463.jpg 2048w\" sizes=\"auto, (max-width: 2560px) 100vw, 2560px\" data-id=\"4445\" \/><\/a>\n\t\t<\/figure>\n\t<\/div>\n<div class=\"cmt-sbox cmt-sbox-iconalign-left-spacing cmt-sbox-bgcolor-transparent cmt-bgcolor-transparent cmt-sbox-textcolor- cmt-textcolor- cmt-sbox-isize-md cmt-sbox-isize-md cmt-sbox-istyle-none  cmt-sbox-heading-only\"><section class=\"cmt-sboxvc_cta3-container\"><div class=\"cmt-vc_general cmt-sboxvc_cta3 cmt-sboxvc_cta3-align-left cmt-sboxvc_cta3-icon-size-md cmt-sboxvc_cta3-icons-left cmt-sboxvc_cta3-actions-no\"><div class=\"cmt-sboxvc_cta3-icons cmt-section-wrapper-cell\"><div class=\"cmt-vc_icon_element cmt-vc_icon_element-outer cmt-vc_icon_element-align-left\"><div class=\"cmt-vc_icon_element-inner  cmt-vc_icon_element-color-skincolor cmt-vc_icon_element-size-md cmt-vc_icon_element-style-none cmt-vc_icon_element-background-color-grey\" ><span class=\"cmt-vc_icon_element-icon fa fa-angle-right\" ><\/span><\/div><\/div><\/div><div class=\"cmt-vc_cta3_content-container\"><div class=\"cmt-vc_cta3-content\"><div class=\"cmt-vc_cta3-content-header cmt-section-wrapper\"><div class=\"cmt-sboxvc_cta3-headers cmt-section-wrapper-cell\"><h2 class=\"cmt-custom-heading\" >EA MP 10 \u00c7ekilebilir Makasl\u0131 Platform<\/h2>\n<\/div><\/div><\/div><div class=\"cmt-sboxcta3-desc-btn-wrapper\"><div class=\"cmt-sboxcta3-description\"><\/div><\/div><\/div><\/div><\/section><\/div>\n\t<div  class=\"wpb_single_image wpb_content_element vc_align_left\">\n\t\t\n\t\t<figure class=\"wpb_wrapper vc_figure\">\n\t\t\t<a href=\"https:\/\/www.endustriyel.egeatilgan.com\/en\/portfolio\/ea-mp-16-cekilebilir-makasli-platform\/\" target=\"_self\" class=\"vc_single_image-wrapper   vc_box_border_grey\"><img loading=\"lazy\" decoding=\"async\" width=\"2560\" height=\"1829\" src=\"https:\/\/www.endustriyel.egeatilgan.com\/wp-content\/uploads\/2021\/03\/cekilebilir-07-scaled.jpg\" class=\"vc_single_image-img attachment-full\" alt=\"\" srcset=\"https:\/\/www.endustriyel.egeatilgan.com\/wp-content\/uploads\/2021\/03\/cekilebilir-07-scaled.jpg 2560w, https:\/\/www.endustriyel.egeatilgan.com\/wp-content\/uploads\/2021\/03\/cekilebilir-07-300x214.jpg 300w, https:\/\/www.endustriyel.egeatilgan.com\/wp-content\/uploads\/2021\/03\/cekilebilir-07-1024x731.jpg 1024w, https:\/\/www.endustriyel.egeatilgan.com\/wp-content\/uploads\/2021\/03\/cekilebilir-07-768x549.jpg 768w, https:\/\/www.endustriyel.egeatilgan.com\/wp-content\/uploads\/2021\/03\/cekilebilir-07-1536x1097.jpg 1536w, https:\/\/www.endustriyel.egeatilgan.com\/wp-content\/uploads\/2021\/03\/cekilebilir-07-2048x1463.jpg 2048w\" sizes=\"auto, (max-width: 2560px) 100vw, 2560px\" data-id=\"4442\" \/><\/a>\n\t\t<\/figure>\n\t<\/div>\n<div class=\"cmt-sbox cmt-sbox-iconalign-left-spacing cmt-sbox-bgcolor-transparent cmt-bgcolor-transparent cmt-sbox-textcolor- cmt-textcolor- cmt-sbox-isize-md cmt-sbox-isize-md cmt-sbox-istyle-none  cmt-sbox-heading-only\"><section class=\"cmt-sboxvc_cta3-container\"><div class=\"cmt-vc_general cmt-sboxvc_cta3 cmt-sboxvc_cta3-align-left cmt-sboxvc_cta3-icon-size-md cmt-sboxvc_cta3-icons-left cmt-sboxvc_cta3-actions-no\"><div class=\"cmt-sboxvc_cta3-icons cmt-section-wrapper-cell\"><div class=\"cmt-vc_icon_element cmt-vc_icon_element-outer cmt-vc_icon_element-align-left\"><div class=\"cmt-vc_icon_element-inner  cmt-vc_icon_element-color-skincolor cmt-vc_icon_element-size-md cmt-vc_icon_element-style-none cmt-vc_icon_element-background-color-grey\" ><span class=\"cmt-vc_icon_element-icon fa fa-angle-right\" ><\/span><\/div><\/div><\/div><div class=\"cmt-vc_cta3_content-container\"><div class=\"cmt-vc_cta3-content\"><div class=\"cmt-vc_cta3-content-header cmt-section-wrapper\"><div class=\"cmt-sboxvc_cta3-headers cmt-section-wrapper-cell\"><h2 class=\"cmt-custom-heading\" >EA MP 16 \u00c7ekilebilir Makasl\u0131 Platform<\/h2>\n<\/div><\/div><\/div><div class=\"cmt-sboxcta3-desc-btn-wrapper\"><div class=\"cmt-sboxcta3-description\"><\/div><\/div><\/div><\/div><\/section><\/div>\t\t<\/div>\n\t<\/div>\n<\/div>\n\n\n\n\t\t\n\t<\/div>","protected":false},"excerpt":{"rendered":"EA MP 06 \u00c7ekilebilir Makasl\u0131 Platform EA MP 12 \u00c7ekilebilir Makasl\u0131 Platform EA MP 08 \u00c7ekilebilir Makasl\u0131 Platform EA MP 14 \u00c7ekilebilir Makasl\u0131 Platform EA MP 10 \u00c7ekilebilir Makasl\u0131 Platform EA MP 16 \u00c7ekilebilir Makasl\u0131 Platform","protected":false},"author":1,"featured_media":0,"parent":0,"menu_order":0,"comment_status":"closed","ping_status":"closed","template":"","meta":{"footnotes":""},"class_list":["post-4363","page","type-page","status-publish","hentry"],"_links":{"self":[{"href":"https:\/\/www.endustriyel.egeatilgan.com\/en\/wp-json\/wp\/v2\/pages\/4363","targetHints":{"allow":["GET"]}}],"collection":[{"href":"https:\/\/www.endustriyel.egeatilgan.com\/en\/wp-json\/wp\/v2\/pages"}],"about":[{"href":"https:\/\/www.endustriyel.egeatilgan.com\/en\/wp-json\/wp\/v2\/types\/page"}],"author":[{"embeddable":true,"href":"https:\/\/www.endustriyel.egeatilgan.com\/en\/wp-json\/wp\/v2\/users\/1"}],"replies":[{"embeddable":true,"href":"https:\/\/www.endustriyel.egeatilgan.com\/en\/wp-json\/wp\/v2\/comments?post=4363"}],"version-history":[{"count":8,"href":"https:\/\/www.endustriyel.egeatilgan.com\/en\/wp-json\/wp\/v2\/pages\/4363\/revisions"}],"predecessor-version":[{"id":4547,"href":"https:\/\/www.endustriyel.egeatilgan.com\/en\/wp-json\/wp\/v2\/pages\/4363\/revisions\/4547"}],"wp:attachment":[{"href":"https:\/\/www.endustriyel.egeatilgan.com\/en\/wp-json\/wp\/v2\/media?parent=4363"}],"curies":[{"name":"wp","href":"https:\/\/api.w.org\/{rel}","templated":true}]}}