{"id":3426,"date":"2020-10-12T04:22:23","date_gmt":"2020-10-12T04:22:23","guid":{"rendered":"https:\/\/shiftler.cymolthemes.com\/?page_id=3039"},"modified":"2021-04-13T10:25:45","modified_gmt":"2021-04-13T10:25:45","slug":"hakkimizda","status":"publish","type":"page","link":"https:\/\/www.endustriyel.egeatilgan.com\/en\/hakkimizda\/","title":{"rendered":"About Us"},"content":{"rendered":"<div class=\"cmt-row wpb_row vc_row-fluid vc_custom_1608893239981 cmt-sboxresponsive-custom-87424418 break-991-colum cmt-zindex-0 vc_row container cmt-bgimage-position-center_center\">\n\n\t\t\n\t\t\n\t\t\n\n<div class=\"wpb_column cmt-column vc_column_container vc_col-sm-6 cmt-zindex-0\">\n\t<div class=\"vc_column-inner\">\n\t\t\t\t<div class=\"wpb_wrapper\">\n\t\t\t\n\t<div  class=\"wpb_single_image wpb_content_element vc_align_left\">\n\t\t\n\t\t<figure class=\"wpb_wrapper vc_figure\">\n\t\t\t<div class=\"vc_single_image-wrapper   vc_box_border_grey\"><img loading=\"lazy\" decoding=\"async\" class=\"vc_single_image-img\" src=\"https:\/\/www.endustriyel.egeatilgan.com\/wp-content\/uploads\/2021\/04\/IMG_7020-KAPAK-552x540.jpg\" width=\"552\" height=\"540\" alt=\"\" title=\"\" \/><\/div>\n\t\t<\/figure>\n\t<\/div>\n\n<div class=\"cmt-row-inner vc_row wpb_row vc_inner vc_row-fluid vc_custom_1602590834726 cmt-sboxresponsive-custom-44145638 cmt-zindex-2\">\n\t\n<div class=\"wpb_column cmt-column-inner vc_column_container vc_col-sm-12 cmt-zindex-0\">\n\t<div class=\"vc_column-inner\">\n\t\t \n\t\t<div class=\"wpb_wrapper\">\n\t\t\t<div class=\"cymolthemes-boxes cymolthemes-boxes-steps cymolthemes-boxes-view-default cymolthemes-boxes-col-one cymolthemes-boxes-sortable- cymolthemes-boxes-textalign-\">\n\t\t<div class=\"cymolthemes-boxes-inner cymolthemes-boxes-steps-inner\"><div class=\"row multi-columns-row cymolthemes-boxes-row-wrapper\"><div class=\"cmt-sboxbox-col-wrapper col-lg-12 col-sm-12 col-md-12 col-xs-12\">\n\t\t\t\t\t\t<div class=\"cmt-static-box-wrapper cmt-steps-box steps-style4\">\n\t\t\t\t\t\t\t<div class=\"cmt-static-box-content\" >\n\t\t\t\t\t\t\t\t<div class=\"cmt-steps-descbox\">\n\t\t\t\t\t\t\t\t\t<div class=\"cmt-static-steps-num\">\n\t\t\t\t\t\t\t\t\t  <span><i class=\"fa fa-check\"><\/i><\/span>\n\t\t\t\t\t\t\t\t\t<\/div>\n\t\t\t\t\t\t\t\t\t<div class=\"cmt-steps-desc\">\n\t\t\t\t\t\t\t\t\t<h3 class=\"cmt-custom-heading\">Keeping up to date with technological innovations<\/h3>\n\t\t\t\t\t\t\t\t\t\t\t\n\t\t\t\t\t\t\t\t\t<\/div>\n\t\t\t\t\t\t\t\t<\/div>\n\t\t\t\t\t\t\t<\/div>\n\t\t\t\t\t\t<\/div>\n\t\t\t\t\t\t<\/div><div class=\"cmt-sboxbox-col-wrapper col-lg-12 col-sm-12 col-md-12 col-xs-12\">\n\t\t\t\t\t\t<div class=\"cmt-static-box-wrapper cmt-steps-box steps-style4\">\n\t\t\t\t\t\t\t<div class=\"cmt-static-box-content\" >\n\t\t\t\t\t\t\t\t<div class=\"cmt-steps-descbox\">\n\t\t\t\t\t\t\t\t\t<div class=\"cmt-static-steps-num\">\n\t\t\t\t\t\t\t\t\t  <span><i class=\"fa fa-check\"><\/i><\/span>\n\t\t\t\t\t\t\t\t\t<\/div>\n\t\t\t\t\t\t\t\t\t<div class=\"cmt-steps-desc\">\n\t\t\t\t\t\t\t\t\t<h3 class=\"cmt-custom-heading\">Always providing quality service using the most advanced techniques in our field<\/h3>\n\t\t\t\t\t\t\t\t\t\t\t\n\t\t\t\t\t\t\t\t\t<\/div>\n\t\t\t\t\t\t\t\t<\/div>\n\t\t\t\t\t\t\t<\/div>\n\t\t\t\t\t\t<\/div>\n\t\t\t\t\t\t<\/div><div class=\"cmt-sboxbox-col-wrapper col-lg-12 col-sm-12 col-md-12 col-xs-12\">\n\t\t\t\t\t\t<div class=\"cmt-static-box-wrapper cmt-steps-box steps-style4\">\n\t\t\t\t\t\t\t<div class=\"cmt-static-box-content\" >\n\t\t\t\t\t\t\t\t<div class=\"cmt-steps-descbox\">\n\t\t\t\t\t\t\t\t\t<div class=\"cmt-static-steps-num\">\n\t\t\t\t\t\t\t\t\t  <span><i class=\"fa fa-check\"><\/i><\/span>\n\t\t\t\t\t\t\t\t\t<\/div>\n\t\t\t\t\t\t\t\t\t<div class=\"cmt-steps-desc\">\n\t\t\t\t\t\t\t\t\t<h3 class=\"cmt-custom-heading\">Conducting projects aimed at providing employment throughout Turkey<\/h3>\n\t\t\t\t\t\t\t\t\t\t\t\n\t\t\t\t\t\t\t\t\t<\/div>\n\t\t\t\t\t\t\t\t<\/div>\n\t\t\t\t\t\t\t<\/div>\n\t\t\t\t\t\t<\/div>\n\t\t\t\t\t\t<\/div><\/div><\/div><!-- .cymolthemes-boxes-inner -->   <\/div><!-- .cymolthemes-boxes -->  \t\t<\/div>\n\t<\/div>\n<\/div>\n\n<\/div>\n\n\t\t<\/div>\n\t<\/div>\n<\/div>\n\n\n\n\n\n<div class=\"wpb_column cmt-column vc_column_container vc_col-sm-6 cmt-zindex-0\">\n\t<div class=\"vc_column-inner vc_custom_1602590892904 cmt-sboxresponsive-custom-15214567\">\n\t\t\t\t<div class=\"wpb_wrapper\">\n\t\t\t<div class=\"cmt-element-heading-wrapper cmt-sboxheading-inner cmt-sboxelement-align-left cmt-seperator-none cmt-sboxheading-style-vertical\"><section class=\"cmt-sboxvc_cta3-container\"><div class=\"cmt-vc_general cmt-sboxvc_cta3 cmt-sboxcta3-only cmt-sboxvc_cta3-style-classic cmt-sboxvc_cta3-shape-rounded cmt-sboxvc_cta3-align-left cmt-sboxvc_cta3-color-transparent cmt-sboxvc_cta3-icon-size-md cmt-sboxvc_cta3-actions-no cmt-sboxcta3-without-desc\"><div class=\"cmt-vc_cta3_content-container\"><div class=\"cmt-vc_cta3-content\"><header class=\"cmt-vc_cta3-content-header cmt-section-wrapper\"><div class=\"cmt-sboxvc_cta3-headers cmt-section-wrapper-cell\"><h2 class=\"cmt-custom-heading\" >There is no limit to Development, Progress and Provision of Services!<\/h2>\n<\/div><div class=\"heading-seperator\"><span><\/span><\/div><\/header><\/div><\/div><\/div><\/section><\/div> <!-- .cmt-element-heading-wrapper container --> <p style=\"text-align:left;\" class=\"cmt-custom-heading vc_custom_1615991459391\" >Ege At\u0131lgan Industrial Machinery Co. or Ege At\u0131lgan Group for short, was first established by Celal K\u0131rg\u0131l in Tire to provide services related to scissor lifts, platforms and ramps.<br \/>\nBy expanding the range of services and production, we have focused our efforts on the production and revision of various sizes of scissor lift platforms, disabled lifts, specially designed human and cargo lift platforms and freight lifts on CNCN, NC and plasma workshops that are able to manufacture with desired accuracy.<br \/>\nAs Ege At\u0131lgan Group, which has been working hard for many years to contribute to the role of our country in raw material production and industry internationally, we have collected our services under four different headings as tobacco, composite, industrial machinery and agricultural machinery.<br \/>\nAs an institution under the leadership of our founder Celal KIRGIL, customer satisfaction was the first principle which we never compromised in our business life. We would like to share with you this principle that our current customers have experienced.<\/p>\n\r\n\t\t<div class=\"cmt-vc_btn3-container cmt-vc_btn3-inline vc_custom_1615991497426\"><a class=\"cmt-vc_general cmt-vc_btn3 cmt-vc_btn3-size-md cmt-vc_btn3-shape-square cmt-vc_btn3-style-flat cmt-vc_btn3-weight-no cmt-vc_btn3-color-skincolor\" href=\"\" title=\"\">More<\/a><\/div>\n<div class=\"cmt-row-inner vc_row wpb_row vc_inner vc_row-fluid vc_custom_1602590929059 cmt-sboxresponsive-custom-72848019 cmt-zindex-0\">\n\t\n<div class=\"wpb_column cmt-column-inner vc_column_container vc_col-sm-12 cmt-zindex-0\">\n\t<div class=\"vc_column-inner\">\n\t\t \n\t\t<div class=\"wpb_wrapper\">\n\t\t\t\n\t<div  class=\"wpb_single_image wpb_content_element vc_align_left\">\n\t\t\n\t\t<figure class=\"wpb_wrapper vc_figure\">\n\t\t\t<div class=\"vc_single_image-wrapper   vc_box_border_grey\"><img loading=\"lazy\" decoding=\"async\" width=\"2560\" height=\"1698\" src=\"https:\/\/www.endustriyel.egeatilgan.com\/wp-content\/uploads\/2021\/04\/sdfghjkl-01-copy-01-scaled.jpg\" class=\"vc_single_image-img attachment-full\" alt=\"\" srcset=\"https:\/\/www.endustriyel.egeatilgan.com\/wp-content\/uploads\/2021\/04\/sdfghjkl-01-copy-01-scaled.jpg 2560w, https:\/\/www.endustriyel.egeatilgan.com\/wp-content\/uploads\/2021\/04\/sdfghjkl-01-copy-01-300x199.jpg 300w, https:\/\/www.endustriyel.egeatilgan.com\/wp-content\/uploads\/2021\/04\/sdfghjkl-01-copy-01-1024x679.jpg 1024w, https:\/\/www.endustriyel.egeatilgan.com\/wp-content\/uploads\/2021\/04\/sdfghjkl-01-copy-01-768x510.jpg 768w, https:\/\/www.endustriyel.egeatilgan.com\/wp-content\/uploads\/2021\/04\/sdfghjkl-01-copy-01-1536x1019.jpg 1536w, https:\/\/www.endustriyel.egeatilgan.com\/wp-content\/uploads\/2021\/04\/sdfghjkl-01-copy-01-2048x1359.jpg 2048w\" sizes=\"auto, (max-width: 2560px) 100vw, 2560px\" data-id=\"4564\" \/><\/div>\n\t\t<\/figure>\n\t<\/div>\n\t\t<\/div>\n\t<\/div>\n<\/div>\n\n<\/div>\n\n\t\t<\/div>\n\t<\/div>\n<\/div>\n\n\n\n\t\t\n\t<\/div>\n\n\n\n\n\n\n\n\n\n\n\n<div data-vc-full-width=\"true\" data-vc-full-width-init=\"false\" class=\"cmt-row wpb_row vc_row-fluid cmt-maincol-seprator vc_custom_1609824304739 cmt-sboxresponsive-custom-44249606 vc_row-has-fill break-991-colum cmt-zindex-0 cmt-bgcolor-darkgrey cmt-bgimage-position-center_center cmt-bg cmt-bgimage-yes\">\n\n\t\t\t<div class=\"cmt-row-wrapper-bg-layer cmt-bg-layer\"><\/div><!-- CymolThemes custom DIV added -->\n\t\t\n\t <div class=\"vc_row container vc_row-o-equal-height vc_row-flex\"> \t\n\t\t\n\n<div class=\"wpb_column cmt-column vc_column_container vc_col-sm-5 cmt-zindex-0\">\n\t<div class=\"vc_column-inner\">\n\t\t\t\t<div class=\"wpb_wrapper\">\n\t\t\t\n<div class=\"cmt-row-inner vc_row wpb_row vc_inner vc_row-fluid cmt-column-inline vc_custom_1602420070977 cmt-zindex-0\">\n\t\n<div class=\"wpb_column cmt-column-inner vc_column_container vc_col-sm-3 cmt-zindex-0\">\n\t<div class=\"vc_column-inner\">\n\t\t \n\t\t<div class=\"wpb_wrapper\">\n\t\t\t<h2 style=\"text-align:left;font-size:126px;line-height:126px;\" class=\"cmt-custom-heading\" >15<\/h2>\n\t\t<\/div>\n\t<\/div>\n<\/div>\n\n\n<div class=\"wpb_column cmt-column-inner vc_column_container vc_col-sm-9 cmt-zindex-0\">\n\t<div class=\"vc_column-inner vc_custom_1602420010538\">\n\t\t \n\t\t<div class=\"wpb_wrapper\">\n\t\t\t<h2 style=\"text-align:left;font-size:42px;line-height:52px;\" class=\"cmt-custom-heading\" >Satisfied<strong> Customer<\/strong><\/h2>\n\t\t<\/div>\n\t<\/div>\n<\/div>\n\n<\/div>\n\n<p style=\"text-align:left;font-size:20px;line-height:36px;\" class=\"cmt-custom-heading\" >High quality service with superior engineering methods<\/p>\n\t\t<\/div>\n\t<\/div>\n<\/div>\n\n\n\n\n\n<div class=\"wpb_column cmt-column vc_column_container vc_col-sm-7 cmt-zindex-0\">\n\t<div class=\"vc_column-inner vc_custom_1602591184492 cmt-sboxresponsive-custom-17099803\">\n\t\t\t\t<div class=\"wpb_wrapper\">\n\t\t\t\n<div class=\"cmt-row-inner vc_row wpb_row vc_inner vc_row-fluid cmt-zindex-0\">\n\t\n<div class=\"wpb_column cmt-column-inner vc_column_container vc_col-sm-6 cmt-zindex-0\">\n\t<div class=\"vc_column-inner  cmt-sboxresponsive-custom-90721226\">\n\t\t \n\t\t<div class=\"wpb_wrapper\">\n\t\t\t\n\n<div class=\"cmt-fid inside cmt-fid-without-icon cmt-fid-view-topcentericon cmt-fid-no-border\">\n\t\t<div class=\"cmt-fld-contents cmt-section-wrapper\">\n\t\t<h4 class=\"cmt-fid-inner cmt-section-wrapper-cell\">\n\t\t\t\t\t\t<span\n\t\t\t\tdata-appear-animation = \"animateDigits\"\n\t\t\t\tdata-from             = \"0\"\n\t\t\t\tdata-to               = \"4\"\n\t\t\t\tdata-interval         = \"5\"\n\t\t\t\tdata-before           = \"\"\n\t\t\t\tdata-before-style     = \"sup\"\n\t\t\t\tdata-after            = \"\"\n\t\t\t\tdata-after-style      = \"sub\"\n\t\t\t\t>\n\t\t\t\t\t4\t\t\t<\/span>\n\t\t\t\t\t<\/h4>\n\t\t<h3 class=\"cmt-fid-title cmt-section-wrapper-cell\"><span>Brands<br><\/span><\/h3>\n\t<\/div><!-- .cmt-fld-contents -->\n\t<\/div>\n\n\n\n\t\t<\/div>\n\t<\/div>\n<\/div>\n\n\n<div class=\"wpb_column cmt-column-inner vc_column_container vc_col-sm-6 cmt-zindex-0\">\n\t<div class=\"vc_column-inner  cmt-sboxresponsive-custom-45696974\">\n\t\t \n\t\t<div class=\"wpb_wrapper\">\n\t\t\t\n\n<div class=\"cmt-fid inside cmt-fid-without-icon cmt-fid-view-topcentericon cmt-fid-no-border\">\n\t\t<div class=\"cmt-fld-contents cmt-section-wrapper\">\n\t\t<h4 class=\"cmt-fid-inner cmt-section-wrapper-cell\">\n\t\t\t\t\t\t<span\n\t\t\t\tdata-appear-animation = \"animateDigits\"\n\t\t\t\tdata-from             = \"0\"\n\t\t\t\tdata-to               = \"25\"\n\t\t\t\tdata-interval         = \"5\"\n\t\t\t\tdata-before           = \"\"\n\t\t\t\tdata-before-style     = \"sup\"\n\t\t\t\tdata-after            = \"\"\n\t\t\t\tdata-after-style      = \"sub\"\n\t\t\t\t>\n\t\t\t\t\t25\t\t\t<\/span>\n\t\t\t\t\t<\/h4>\n\t\t<h3 class=\"cmt-fid-title cmt-section-wrapper-cell\"><span>Employee<br><\/span><\/h3>\n\t<\/div><!-- .cmt-fld-contents -->\n\t<\/div>\n\n\n\n\t\t<\/div>\n\t<\/div>\n<\/div>\n\n<\/div>\n\n\n<div class=\"cmt-row-inner vc_row wpb_row vc_inner vc_row-fluid vc_custom_1602591332826 cmt-sboxresponsive-custom-86033840 cmt-zindex-0\">\n\t\n<div class=\"wpb_column cmt-column-inner vc_column_container vc_col-sm-6 cmt-zindex-0\">\n\t<div class=\"vc_column-inner  cmt-sboxresponsive-custom-14583637\">\n\t\t \n\t\t<div class=\"wpb_wrapper\">\n\t\t\t\n\n<div class=\"cmt-fid inside cmt-fid-without-icon cmt-fid-view-topcentericon cmt-fid-no-border\">\n\t\t<div class=\"cmt-fld-contents cmt-section-wrapper\">\n\t\t<h4 class=\"cmt-fid-inner cmt-section-wrapper-cell\">\n\t\t\t\t\t\t<span\n\t\t\t\tdata-appear-animation = \"animateDigits\"\n\t\t\t\tdata-from             = \"0\"\n\t\t\t\tdata-to               = \"7\"\n\t\t\t\tdata-interval         = \"5\"\n\t\t\t\tdata-before           = \"\"\n\t\t\t\tdata-before-style     = \"sup\"\n\t\t\t\tdata-after            = \"\"\n\t\t\t\tdata-after-style      = \"sub\"\n\t\t\t\t>\n\t\t\t\t\t7\t\t\t<\/span>\n\t\t\t\t\t<\/h4>\n\t\t<h3 class=\"cmt-fid-title cmt-section-wrapper-cell\"><span>Years of Experience<br><\/span><\/h3>\n\t<\/div><!-- .cmt-fld-contents -->\n\t<\/div>\n\n\n\n\t\t<\/div>\n\t<\/div>\n<\/div>\n\n\n<div class=\"wpb_column cmt-column-inner vc_column_container vc_col-sm-6 cmt-zindex-0\">\n\t<div class=\"vc_column-inner\">\n\t\t \n\t\t<div class=\"wpb_wrapper\">\n\t\t\t\n\n<div class=\"cmt-fid inside cmt-fid-without-icon cmt-fid-view-topcentericon cmt-fid-no-border\">\n\t\t<div class=\"cmt-fld-contents cmt-section-wrapper\">\n\t\t<h4 class=\"cmt-fid-inner cmt-section-wrapper-cell\">\n\t\t\t\t\t\t<span\n\t\t\t\tdata-appear-animation = \"animateDigits\"\n\t\t\t\tdata-from             = \"0\"\n\t\t\t\tdata-to               = \"13\"\n\t\t\t\tdata-interval         = \"5\"\n\t\t\t\tdata-before           = \"\"\n\t\t\t\tdata-before-style     = \"sup\"\n\t\t\t\tdata-after            = \"\"\n\t\t\t\tdata-after-style      = \"sub\"\n\t\t\t\t>\n\t\t\t\t\t13\t\t\t<\/span>\n\t\t\t\t\t<\/h4>\n\t\t<h3 class=\"cmt-fid-title cmt-section-wrapper-cell\"><span>Export to Different Countries<br><\/span><\/h3>\n\t<\/div><!-- .cmt-fld-contents -->\n\t<\/div>\n\n\n\n\t\t<\/div>\n\t<\/div>\n<\/div>\n\n<\/div>\n\n\t\t<\/div>\n\t<\/div>\n<\/div>\n\n\n\n\t\t\n\t <\/div> <\/div>\n\n\n<div class=\"vc_row-full-width vc_clearfix\"><\/div>\n\n\n\n\n\n\n\n\n<div data-vc-full-width=\"true\" data-vc-full-width-init=\"false\" class=\"cmt-row wpb_row vc_row-fluid vc_custom_1609824461692 cmt-sboxresponsive-custom-82905766 vc_row-has-fill cmt-zindex-2 cmt-bgimage-position-center_bottom cmt-bg cmt-bgimage-yes\">\n\n\t\t\t<div class=\"cmt-row-wrapper-bg-layer cmt-bg-layer\"><\/div><!-- CymolThemes custom DIV added -->\n\t\t\n\t <div class=\"vc_row container\"> \t\n\t\t\n\n<div class=\"wpb_column cmt-column vc_column_container vc_col-sm-12 cmt-zindex-0\">\n\t<div class=\"vc_column-inner\">\n\t\t\t\t<div class=\"wpb_wrapper\">\n\t\t\t\n<div class=\"cmt-row-inner vc_row wpb_row vc_inner vc_row-fluid vc_custom_1608893526156 cmt-sboxresponsive-custom-68868798 cmt-zindex-0\">\n\t\n<div class=\"wpb_column cmt-column-inner vc_column_container vc_col-sm-12 cmt-zindex-0\">\n\t<div class=\"vc_column-inner\">\n\t\t \n\t\t<div class=\"wpb_wrapper\">\n\t\t\t<div class=\"cymolthemes-boxes cymolthemes-boxes-testimonial cymolthemes-boxes-view-carousel cymolthemes-boxes-col-two cymolthemes-boxes-sortable-no cymolthemes-boxes-textalign-center cmt-sboxcta3-rev-heading cmt-sboxboxes-carousel-arrows-1\" data-cmt-sboxspeed=\"1500\" data-cmt-sboxautoplay=\"1\" data-cmt-sboxautoplayspeed=\"4500\" data-cmt-sboxloop=\"1\" data-cmt-sboxdots=\"0\" data-cmt-sboxnav=\"1\" data-cmt-sboxcentermode=\"0\" data-cmt-sboxcenterpadding=\"300\" data-cmt-sboxpauseonfocus=\"1\" data-cmt-sboxpauseonhover=\"1\" data-cmt-sboxslidestoscroll=\"1\" data-cmt-sboxeffecttype=\"slide\">\n\t\t<div class=\"cymolthemes-boxes-inner cymolthemes-boxes-testimonial-inner\"><div class=\"cymolthemes-box-heading-wrapper cmt-sboxelement-align-center\"><div class=\"cmt-element-heading-wrapper cmt-sboxheading-inner cmt-sboxelement-align-center cmt-seperator-none cmt-sboxheading-style-vertical\"><section class=\"cmt-sboxvc_cta3-container\"><div class=\"cmt-vc_general cmt-sboxvc_cta3 cmt-sboxcta3-only cmt-sboxvc_cta3-style-classic cmt-sboxvc_cta3-shape-rounded cmt-sboxvc_cta3-align-center cmt-sboxvc_cta3-color-transparent cmt-sboxvc_cta3-icon-size-md cmt-sboxvc_cta3-actions-no cmt-sboxcta3-without-desc\"><div class=\"cmt-vc_cta3_content-container\"><div class=\"cmt-vc_cta3-content\"><header class=\"cmt-vc_cta3-content-header cmt-section-wrapper\"><div class=\"cmt-sboxvc_cta3-headers cmt-section-wrapper-cell\"><h4 style=\"color:#e24412;\" class=\"cmt-custom-heading\" >Customer Reviews<\/h4>\n<h2 class=\"cmt-custom-heading\" >What Our Customers Think About Us<\/h2>\n<\/div><div class=\"heading-seperator\"><span><\/span><\/div><\/header><\/div><\/div><\/div><\/section><\/div> <!-- .cmt-element-heading-wrapper container --> <\/div> <!-- .cmt-element-heading-wrapper container --> \n\t\t\t\n\t\t\t<div class=\"row multi-columns-row cymolthemes-boxes-row-wrapper\">\n\t\t\t\t<div class=\"cmt-sboxbox-col-wrapper col-lg-6 col-sm-6 col-md-6 col-xs-12 kullanici\"><article class=\"cymolthemes-box cymolthemes-box-testimonial cymolthemes-testimonialbox-stylethree\">\n\t<div class=\"cymolthemes-post-item\">\n\t\t<div class=\"cymolthemes-box-img\"><span class=\"cymolthemes-icon-box\"><i class=\"demo-icon cmt-shiftler-icon-quote-left\"><\/i><\/span><\/div>\n\t\t\n\t\t<div class=\"cymolthemes-box-desc\">\n\t\t\t<div class=\"cmt-ratting-star\"> <i class=\"fa fa-star cmt-sboxactive\"><\/i>  <i class=\"fa fa-star cmt-sboxactive\"><\/i>  <i class=\"fa fa-star cmt-sboxactive\"><\/i>  <i class=\"fa fa-star cmt-sboxactive\"><\/i>  <i class=\"fa fa-star cmt-sboxactive\"><\/i> <\/div>\n\t\t\t<blockquote class=\"cymolthemes-testimonial-text\">\"I was very impressed and satisfied with the communication of EA Group, which is a well-established company, and a work discipline that does not compromise on quality.\"<\/blockquote>\n\t\t\t<div class=\"clearfix\"><\/div>\n\t\t\t<div class=\"cymolthemes-box-author\">\t\n\t\t\t\t<div class=\"cymolthemes-box-title\">\n\t\t\t\t\t<h3 class=\"cymolthemes-author-name\">Levent<\/h3><span class=\"cymolthemes-box-footer\">Customer<\/span>\t\t\t\t<\/div>\n\t\t\t<\/div>\n\t\t<\/div>\n\t<\/div>\n<\/article><\/div><div class=\"cmt-sboxbox-col-wrapper col-lg-6 col-sm-6 col-md-6 col-xs-12 kullanici\"><article class=\"cymolthemes-box cymolthemes-box-testimonial cymolthemes-testimonialbox-stylethree\">\n\t<div class=\"cymolthemes-post-item\">\n\t\t<div class=\"cymolthemes-box-img\"><span class=\"cymolthemes-icon-box\"><i class=\"demo-icon cmt-shiftler-icon-quote-left\"><\/i><\/span><\/div>\n\t\t\n\t\t<div class=\"cymolthemes-box-desc\">\n\t\t\t<div class=\"cmt-ratting-star\"> <i class=\"fa fa-star cmt-sboxactive\"><\/i>  <i class=\"fa fa-star cmt-sboxactive\"><\/i>  <i class=\"fa fa-star cmt-sboxactive\"><\/i>  <i class=\"fa fa-star cmt-sboxactive\"><\/i>  <i class=\"fa fa-star cmt-sboxactive\"><\/i> <\/div>\n\t\t\t<blockquote class=\"cymolthemes-testimonial-text\">\"Ege At\u0131lgan is a brand that needs to be taken as an example in terms of not neglecting the cleaning and maintenance of machines and ensuring customer satisfaction.\u201d<\/blockquote>\n\t\t\t<div class=\"clearfix\"><\/div>\n\t\t\t<div class=\"cymolthemes-box-author\">\t\n\t\t\t\t<div class=\"cymolthemes-box-title\">\n\t\t\t\t\t<h3 class=\"cymolthemes-author-name\">Ahmet<\/h3><span class=\"cymolthemes-box-footer\">Customer<\/span>\t\t\t\t<\/div>\n\t\t\t<\/div>\n\t\t<\/div>\n\t<\/div>\n<\/article><\/div>\n\t\t\t<\/div>\n\t\t<\/div><!-- .cymolthemes-boxes-inner -->   <\/div><!-- .cymolthemes-boxes -->  \t\t<\/div>\n\t<\/div>\n<\/div>\n\n<\/div>\n\n\t\t<\/div>\n\t<\/div>\n<\/div>\n\n\n\n\t\t\n\t <\/div> <\/div>\n\n\n<div class=\"vc_row-full-width vc_clearfix\"><\/div>","protected":false},"excerpt":{"rendered":"\"Ege At\u0131lgan is a brand that needs to be taken as an example in terms of not neglecting the cleaning and maintenance of machines and ensuring customer satisfaction.\u201d","protected":false},"author":1,"featured_media":0,"parent":0,"menu_order":0,"comment_status":"closed","ping_status":"closed","template":"","meta":{"footnotes":""},"class_list":["post-3426","page","type-page","status-publish","hentry"],"_links":{"self":[{"href":"https:\/\/www.endustriyel.egeatilgan.com\/en\/wp-json\/wp\/v2\/pages\/3426","targetHints":{"allow":["GET"]}}],"collection":[{"href":"https:\/\/www.endustriyel.egeatilgan.com\/en\/wp-json\/wp\/v2\/pages"}],"about":[{"href":"https:\/\/www.endustriyel.egeatilgan.com\/en\/wp-json\/wp\/v2\/types\/page"}],"author":[{"embeddable":true,"href":"https:\/\/www.endustriyel.egeatilgan.com\/en\/wp-json\/wp\/v2\/users\/1"}],"replies":[{"embeddable":true,"href":"https:\/\/www.endustriyel.egeatilgan.com\/en\/wp-json\/wp\/v2\/comments?post=3426"}],"version-history":[{"count":18,"href":"https:\/\/www.endustriyel.egeatilgan.com\/en\/wp-json\/wp\/v2\/pages\/3426\/revisions"}],"predecessor-version":[{"id":4625,"href":"https:\/\/www.endustriyel.egeatilgan.com\/en\/wp-json\/wp\/v2\/pages\/3426\/revisions\/4625"}],"wp:attachment":[{"href":"https:\/\/www.endustriyel.egeatilgan.com\/en\/wp-json\/wp\/v2\/media?parent=3426"}],"curies":[{"name":"wp","href":"https:\/\/api.w.org\/{rel}","templated":true}]}}